{"id":9849,"date":"2016-12-11T08:03:32","date_gmt":"2016-12-11T07:03:32","guid":{"rendered":"http:\/\/www.andreclaude.fr\/web\/?post_type=product&#038;p=9849"},"modified":"2023-02-07T11:04:34","modified_gmt":"2023-02-07T10:04:34","slug":"munster-part-promo-env-200g","status":"publish","type":"product","link":"https:\/\/www.andreclaude.fr\/web\/index.php\/produit\/munster-part-promo-env-200g\/","title":{"rendered":"Munster la part environ 200 grs"},"content":{"rendered":"<p>Distribu\u00e9 par<\/p>\n<p>FTRECAL<\/p>\n<p>88140 BULGNEVILLE<\/p>\n","protected":false},"excerpt":{"rendered":"<p>Consid\u00e9r\u00e9 par certains comme le \u00ab\u00a0roi des fromages\u00a0\u00bb, c&rsquo;est en tout cas une r\u00e9ussite de la gastronomie fran\u00e7aise !<br \/>\nC&rsquo;est un fromage avec une croute lisse, fine et humide.<b> <\/b><\/p>\n<p>Fromage \u00e0 p\u00e2te molle au lait pasteuris\u00e9.<\/p>\n<p>Ingr\u00e9dients : <strong>lait<\/strong>, sel, ferments <strong>lactiques<\/strong>, pr\u00e9sure<\/p>\n<p>Valeurs nutritionnelles moyennes pour 100g<\/p>\n<p>Energie : 1368kj\/330kcal<\/p>\n<p>Mati\u00e8res grasses : 27g dont acides gras satur\u00e9s : 19g<\/p>\n<p>Glucides : 1g dont sucres : 1g<\/p>\n<p>Prot\u00e9ines : 20g<\/p>\n<p>Sel : 1.80g<\/p>\n<p>&nbsp;<\/p>\n","protected":false},"featured_media":9850,"comment_status":"closed","ping_status":"closed","template":"","meta":[],"product_cat":[194,165],"product_tag":[],"jetpack_publicize_connections":[],"_links":{"self":[{"href":"https:\/\/www.andreclaude.fr\/web\/index.php\/wp-json\/wp\/v2\/product\/9849"}],"collection":[{"href":"https:\/\/www.andreclaude.fr\/web\/index.php\/wp-json\/wp\/v2\/product"}],"about":[{"href":"https:\/\/www.andreclaude.fr\/web\/index.php\/wp-json\/wp\/v2\/types\/product"}],"replies":[{"embeddable":true,"href":"https:\/\/www.andreclaude.fr\/web\/index.php\/wp-json\/wp\/v2\/comments?post=9849"}],"wp:featuredmedia":[{"embeddable":true,"href":"https:\/\/www.andreclaude.fr\/web\/index.php\/wp-json\/wp\/v2\/media\/9850"}],"wp:attachment":[{"href":"https:\/\/www.andreclaude.fr\/web\/index.php\/wp-json\/wp\/v2\/media?parent=9849"}],"wp:term":[{"taxonomy":"product_cat","embeddable":true,"href":"https:\/\/www.andreclaude.fr\/web\/index.php\/wp-json\/wp\/v2\/product_cat?post=9849"},{"taxonomy":"product_tag","embeddable":true,"href":"https:\/\/www.andreclaude.fr\/web\/index.php\/wp-json\/wp\/v2\/product_tag?post=9849"}],"curies":[{"name":"wp","href":"https:\/\/api.w.org\/{rel}","templated":true}]}}