{"id":9581,"date":"2016-10-27T07:13:03","date_gmt":"2016-10-27T06:13:03","guid":{"rendered":"http:\/\/www.andreclaude.fr\/web\/?post_type=product&#038;p=9581"},"modified":"2019-11-07T11:35:19","modified_gmt":"2019-11-07T10:35:19","slug":"pate-de-fruits-sachet-1-kilo","status":"publish","type":"product","link":"https:\/\/www.andreclaude.fr\/web\/index.php\/produit\/pate-de-fruits-sachet-1-kilo\/","title":{"rendered":"P\u00e2te de fruits sachet de 1 kilo"},"content":{"rendered":"<p>Distribu\u00e9 par<\/p>\n<p>AGIDRA<\/p>\n<p>BP 156<\/p>\n<p>69801 SAINT PRIEST<\/p>\n","protected":false},"excerpt":{"rendered":"<p>Succulentes douceurs aux formes de fruits, fabriqu\u00e9es \u00e0 base d&rsquo;ar\u00f4mes naturels. Tendres et fondantes \u00e0 souhait !<\/p>\n<p>Gommes de pectine sucr\u00e9es au go\u00fbt de fruits : sucre, sirop de glucose, eau, g\u00e9lifiant (pectine), fibres d&rsquo;<strong>avoine, <\/strong>acidifiant (acide citrique), ar\u00f4mes naturels, colorants (E100, E120,E141,E163), concentr\u00e9 d&rsquo;ananas (0.1%), ar\u00f4me naturel d&rsquo;orange.<\/p>\n<p>Valeurs nutritionnelles pour 100 g<\/p>\n<p>Energie : 1322kj\/311kcal<\/p>\n<p>Lipides : 0.1g dont acides gras satur\u00e9s 0.1g<\/p>\n<p>Glucides : 77g dont sucres 60g<\/p>\n<p>Prot\u00e9ines\u00a0 : 0.1g<\/p>\n<p>Sel 0.3g<\/p>\n<p>A conserver au sec, \u00e0 l&rsquo;abri de la lumi\u00e8re et \u00e0 temp\u00e9rature ambiante.<\/p>\n","protected":false},"featured_media":7739,"comment_status":"closed","ping_status":"closed","template":"","meta":[],"product_cat":[194,176],"product_tag":[],"jetpack_publicize_connections":[],"_links":{"self":[{"href":"https:\/\/www.andreclaude.fr\/web\/index.php\/wp-json\/wp\/v2\/product\/9581"}],"collection":[{"href":"https:\/\/www.andreclaude.fr\/web\/index.php\/wp-json\/wp\/v2\/product"}],"about":[{"href":"https:\/\/www.andreclaude.fr\/web\/index.php\/wp-json\/wp\/v2\/types\/product"}],"replies":[{"embeddable":true,"href":"https:\/\/www.andreclaude.fr\/web\/index.php\/wp-json\/wp\/v2\/comments?post=9581"}],"wp:featuredmedia":[{"embeddable":true,"href":"https:\/\/www.andreclaude.fr\/web\/index.php\/wp-json\/wp\/v2\/media\/7739"}],"wp:attachment":[{"href":"https:\/\/www.andreclaude.fr\/web\/index.php\/wp-json\/wp\/v2\/media?parent=9581"}],"wp:term":[{"taxonomy":"product_cat","embeddable":true,"href":"https:\/\/www.andreclaude.fr\/web\/index.php\/wp-json\/wp\/v2\/product_cat?post=9581"},{"taxonomy":"product_tag","embeddable":true,"href":"https:\/\/www.andreclaude.fr\/web\/index.php\/wp-json\/wp\/v2\/product_tag?post=9581"}],"curies":[{"name":"wp","href":"https:\/\/api.w.org\/{rel}","templated":true}]}}