{"id":9570,"date":"2016-10-25T17:06:06","date_gmt":"2016-10-25T16:06:06","guid":{"rendered":"http:\/\/www.andreclaude.fr\/web\/?post_type=product&#038;p=9570"},"modified":"2022-11-07T05:15:56","modified_gmt":"2022-11-07T04:15:56","slug":"rhum-duo-vanille-la-bouteille-70-cl","status":"publish","type":"product","link":"https:\/\/www.andreclaude.fr\/web\/index.php\/produit\/rhum-duo-vanille-la-bouteille-70-cl\/","title":{"rendered":"Rhum Duo vanille la bouteille 70 cl"},"content":{"rendered":"","protected":false},"excerpt":{"rendered":"<p>Avec de la\u00a0 vanille Bourbon de Madagascar avec des notes subtiles de cacao et la vanille Tahitensis avec son ar\u00f4me incomparable et exceptionnel. Ces orchid\u00e9es tropicales nous inspirent aux voyages vers les \u00eeles\u2026<\/p>\n<p>Alcool 34 %<\/p>\n<p>La consommation de boissons alcoolis\u00e9es pendant la grossesse, m\u00eame en faible quantit\u00e9, peut avoir des cons\u00e9quences graves sur la sant\u00e9 de l\u2019enfant.<\/p>\n<p>L ABUS D ALCOOL EST DANGEREUX POUR LA SANTE. A CONSOMMER AVEC MODERATION.<\/p>\n<p>LA VENTE D ALCOOL EST INTERDITE AUX MINEURS.<\/p>\n<p>L\u2019arom&rsquo;arrang\u00e9 249 rue de la Girardi\u00e8re\u00a0 37530 Charg\u00e9.<\/p>\n","protected":false},"featured_media":9571,"comment_status":"closed","ping_status":"closed","template":"","meta":[],"product_cat":[194,160],"product_tag":[],"jetpack_publicize_connections":[],"_links":{"self":[{"href":"https:\/\/www.andreclaude.fr\/web\/index.php\/wp-json\/wp\/v2\/product\/9570"}],"collection":[{"href":"https:\/\/www.andreclaude.fr\/web\/index.php\/wp-json\/wp\/v2\/product"}],"about":[{"href":"https:\/\/www.andreclaude.fr\/web\/index.php\/wp-json\/wp\/v2\/types\/product"}],"replies":[{"embeddable":true,"href":"https:\/\/www.andreclaude.fr\/web\/index.php\/wp-json\/wp\/v2\/comments?post=9570"}],"wp:featuredmedia":[{"embeddable":true,"href":"https:\/\/www.andreclaude.fr\/web\/index.php\/wp-json\/wp\/v2\/media\/9571"}],"wp:attachment":[{"href":"https:\/\/www.andreclaude.fr\/web\/index.php\/wp-json\/wp\/v2\/media?parent=9570"}],"wp:term":[{"taxonomy":"product_cat","embeddable":true,"href":"https:\/\/www.andreclaude.fr\/web\/index.php\/wp-json\/wp\/v2\/product_cat?post=9570"},{"taxonomy":"product_tag","embeddable":true,"href":"https:\/\/www.andreclaude.fr\/web\/index.php\/wp-json\/wp\/v2\/product_tag?post=9570"}],"curies":[{"name":"wp","href":"https:\/\/api.w.org\/{rel}","templated":true}]}}