{"id":8781,"date":"2016-05-11T08:19:47","date_gmt":"2016-05-11T07:19:47","guid":{"rendered":"http:\/\/www.andreclaude.fr\/web\/?post_type=product&#038;p=8781"},"modified":"2026-03-27T16:35:53","modified_gmt":"2026-03-27T15:35:53","slug":"sirop-de-pamplemousse-70-cl","status":"publish","type":"product","link":"https:\/\/www.andreclaude.fr\/web\/index.php\/produit\/sirop-de-pamplemousse-70-cl\/","title":{"rendered":"Sirop de pamplemousse Monin  bouteille 70 cl"},"content":{"rendered":"<p>VEDRENNE<\/p>\n<p>6 Passage Montgolfier<\/p>\n<p>21702 Nuits Saint Georges<\/p>\n","protected":false},"excerpt":{"rendered":"<p>Sirop de Pamplemousse Vedrenne ( pomelos ) &#8211; Le sirop rafra\u00eechissant par excellence ! Un parfum fruit\u00e9 de pamplemousse m\u00eal\u00e9 d&rsquo;agrumes qui s&rsquo;\u00e9panouit en bouche avec une saveur acidul\u00e9e vivifiante. \u00c0 savourer, dilu\u00e9 dans de l&rsquo;eau bien fra\u00eeche, un jus de fruits ou pour les soir\u00e9es Barbecues en le m\u00e9langeant \u00e0 un vin ros\u00e9 ! ou tout simplement \u00e0 l&rsquo;ap\u00e9ritif !!!<\/p>\n","protected":false},"featured_media":13158,"comment_status":"closed","ping_status":"closed","template":"","meta":[],"product_cat":[212,194],"product_tag":[],"jetpack_publicize_connections":[],"_links":{"self":[{"href":"https:\/\/www.andreclaude.fr\/web\/index.php\/wp-json\/wp\/v2\/product\/8781"}],"collection":[{"href":"https:\/\/www.andreclaude.fr\/web\/index.php\/wp-json\/wp\/v2\/product"}],"about":[{"href":"https:\/\/www.andreclaude.fr\/web\/index.php\/wp-json\/wp\/v2\/types\/product"}],"replies":[{"embeddable":true,"href":"https:\/\/www.andreclaude.fr\/web\/index.php\/wp-json\/wp\/v2\/comments?post=8781"}],"wp:featuredmedia":[{"embeddable":true,"href":"https:\/\/www.andreclaude.fr\/web\/index.php\/wp-json\/wp\/v2\/media\/13158"}],"wp:attachment":[{"href":"https:\/\/www.andreclaude.fr\/web\/index.php\/wp-json\/wp\/v2\/media?parent=8781"}],"wp:term":[{"taxonomy":"product_cat","embeddable":true,"href":"https:\/\/www.andreclaude.fr\/web\/index.php\/wp-json\/wp\/v2\/product_cat?post=8781"},{"taxonomy":"product_tag","embeddable":true,"href":"https:\/\/www.andreclaude.fr\/web\/index.php\/wp-json\/wp\/v2\/product_tag?post=8781"}],"curies":[{"name":"wp","href":"https:\/\/api.w.org\/{rel}","templated":true}]}}