{"id":8625,"date":"2016-04-12T15:13:51","date_gmt":"2016-04-12T14:13:51","guid":{"rendered":"http:\/\/www.andreclaude.fr\/web\/?post_type=product&#038;p=8625"},"modified":"2026-05-05T06:22:06","modified_gmt":"2026-05-05T05:22:06","slug":"pot-de-basilic-a-replanter-le-pot","status":"publish","type":"product","link":"https:\/\/www.andreclaude.fr\/web\/index.php\/produit\/pot-de-basilic-a-replanter-le-pot\/","title":{"rendered":"Pot Basilic Cat 1 France \u00e0 replanter  le pot"},"content":{"rendered":"","protected":false},"excerpt":{"rendered":"<p>Arrosage copieux au pied et sur les feuilles, le matin et le soir. Paillez pour garder l&rsquo;humidit\u00e9. Binez et d\u00e9sherbez r\u00e9guli\u00e8rement.<\/p>\n","protected":false},"featured_media":8628,"comment_status":"closed","ping_status":"closed","template":"","meta":[],"product_cat":[194,146],"product_tag":[],"jetpack_publicize_connections":[],"_links":{"self":[{"href":"https:\/\/www.andreclaude.fr\/web\/index.php\/wp-json\/wp\/v2\/product\/8625"}],"collection":[{"href":"https:\/\/www.andreclaude.fr\/web\/index.php\/wp-json\/wp\/v2\/product"}],"about":[{"href":"https:\/\/www.andreclaude.fr\/web\/index.php\/wp-json\/wp\/v2\/types\/product"}],"replies":[{"embeddable":true,"href":"https:\/\/www.andreclaude.fr\/web\/index.php\/wp-json\/wp\/v2\/comments?post=8625"}],"wp:featuredmedia":[{"embeddable":true,"href":"https:\/\/www.andreclaude.fr\/web\/index.php\/wp-json\/wp\/v2\/media\/8628"}],"wp:attachment":[{"href":"https:\/\/www.andreclaude.fr\/web\/index.php\/wp-json\/wp\/v2\/media?parent=8625"}],"wp:term":[{"taxonomy":"product_cat","embeddable":true,"href":"https:\/\/www.andreclaude.fr\/web\/index.php\/wp-json\/wp\/v2\/product_cat?post=8625"},{"taxonomy":"product_tag","embeddable":true,"href":"https:\/\/www.andreclaude.fr\/web\/index.php\/wp-json\/wp\/v2\/product_tag?post=8625"}],"curies":[{"name":"wp","href":"https:\/\/api.w.org\/{rel}","templated":true}]}}