{"id":8573,"date":"2016-04-02T17:11:47","date_gmt":"2016-04-02T16:11:47","guid":{"rendered":"http:\/\/www.andreclaude.fr\/web\/?post_type=product&#038;p=8573"},"modified":"2021-12-14T10:47:14","modified_gmt":"2021-12-14T09:47:14","slug":"chateau-haut-brion-75-cl-2003","status":"publish","type":"product","link":"https:\/\/www.andreclaude.fr\/web\/index.php\/produit\/chateau-haut-brion-75-cl-2003\/","title":{"rendered":"Ch\u00e2teau Haut-Brion  la bouteille 75 cl 2003"},"content":{"rendered":"","protected":false},"excerpt":{"rendered":"<p>Ch\u00e2teau Haut-Brion, Rouge 2003, Premier Grand Cru Class\u00e9 en 1855, Pessac L\u00e9ognan, Bordeaux.<\/p>\n<p>Le Haut-Brion 2003, qui traduit bien l&rsquo;opulence et la faible acidit\u00e9 inh\u00e9rentes au mill\u00e9sime, est encore plus tannique que son a\u00een\u00e9 de 2000. Sa robe d&rsquo;un rubis-pourpre profond accompagne de classiques senteurs, de min\u00e9ral et de fruits noirs et bleus. L&rsquo;ensemble qui r\u00e9v\u00e8le \u00e0 l&rsquo;attaque une richesse et une intensit\u00e9 extraordinaires, n&rsquo;est ni lourd ni sur m\u00fbri. Issu de faibles rendements de 36hl\/ha, il pr\u00e9sente une douceur et une profondeur sous-jacentes d&rsquo;excellent aloi. il se distingue par son caract\u00e8re moyennement cors\u00e9, son ampleur, sa fra\u00eecheur, son \u00e9toffe et sa tonicit\u00e9. En outre, il n&rsquo;accuse aucun aspect confit. A boire entre 2009 et 2025.<\/p>\n<div id=\"tab-description\" class=\"woocommerce-Tabs-panel woocommerce-Tabs-panel--description panel entry-content wc-tab\">\n<p class=\" text-justify\">Alcool 13 % Contient des sulfites.<\/p>\n<p class=\" text-justify\">La consommation de boissons alcoolis\u00e9es pendant la grossesse, m\u00eame en faible quantit\u00e9, peut avoir des cons\u00e9quences graves sur la sant\u00e9 de l\u2019enfant.<\/p>\n<p class=\" text-justify\">L ABUS D ALCOOL EST DANGEREUX POUR LA SANTE. A CONSOMMER AVEC MODERATION.<\/p>\n<p class=\" text-justify\">LA VENTE D ALCOOL EST INTERDITE AUX MINEURS.<\/p>\n<p>Clarence Dillon Pessac 33600 Gironde.<\/p>\n<\/div>\n","protected":false},"featured_media":8574,"comment_status":"closed","ping_status":"closed","template":"","meta":[],"product_cat":[194,157],"product_tag":[],"jetpack_publicize_connections":[],"_links":{"self":[{"href":"https:\/\/www.andreclaude.fr\/web\/index.php\/wp-json\/wp\/v2\/product\/8573"}],"collection":[{"href":"https:\/\/www.andreclaude.fr\/web\/index.php\/wp-json\/wp\/v2\/product"}],"about":[{"href":"https:\/\/www.andreclaude.fr\/web\/index.php\/wp-json\/wp\/v2\/types\/product"}],"replies":[{"embeddable":true,"href":"https:\/\/www.andreclaude.fr\/web\/index.php\/wp-json\/wp\/v2\/comments?post=8573"}],"wp:featuredmedia":[{"embeddable":true,"href":"https:\/\/www.andreclaude.fr\/web\/index.php\/wp-json\/wp\/v2\/media\/8574"}],"wp:attachment":[{"href":"https:\/\/www.andreclaude.fr\/web\/index.php\/wp-json\/wp\/v2\/media?parent=8573"}],"wp:term":[{"taxonomy":"product_cat","embeddable":true,"href":"https:\/\/www.andreclaude.fr\/web\/index.php\/wp-json\/wp\/v2\/product_cat?post=8573"},{"taxonomy":"product_tag","embeddable":true,"href":"https:\/\/www.andreclaude.fr\/web\/index.php\/wp-json\/wp\/v2\/product_tag?post=8573"}],"curies":[{"name":"wp","href":"https:\/\/api.w.org\/{rel}","templated":true}]}}