{"id":8550,"date":"2016-04-01T08:40:24","date_gmt":"2016-04-01T07:40:24","guid":{"rendered":"http:\/\/www.andreclaude.fr\/web\/?post_type=product&#038;p=8550"},"modified":"2026-04-09T05:01:51","modified_gmt":"2026-04-09T04:01:51","slug":"tomate-d-antan-les-500g","status":"publish","type":"product","link":"https:\/\/www.andreclaude.fr\/web\/index.php\/produit\/tomate-d-antan-les-500g\/","title":{"rendered":"Tomate d&rsquo; antan France Cat 1 les 500g"},"content":{"rendered":"","protected":false},"excerpt":{"rendered":"<p>Les tomates Saveurs d\u2019antan, c\u2019est un assortiment de tomates de vari\u00e9t\u00e9s anciennes, de couleurs diff\u00e9rentes\u00a0: noire de Crim\u00e9e, green z\u00e9bra, tomate rose, cornue des Andes, c\u0153ur de b\u0153uf\u2026<\/p>\n","protected":false},"featured_media":8551,"comment_status":"closed","ping_status":"closed","template":"","meta":[],"product_cat":[194,144],"product_tag":[],"jetpack_publicize_connections":[],"_links":{"self":[{"href":"https:\/\/www.andreclaude.fr\/web\/index.php\/wp-json\/wp\/v2\/product\/8550"}],"collection":[{"href":"https:\/\/www.andreclaude.fr\/web\/index.php\/wp-json\/wp\/v2\/product"}],"about":[{"href":"https:\/\/www.andreclaude.fr\/web\/index.php\/wp-json\/wp\/v2\/types\/product"}],"replies":[{"embeddable":true,"href":"https:\/\/www.andreclaude.fr\/web\/index.php\/wp-json\/wp\/v2\/comments?post=8550"}],"wp:featuredmedia":[{"embeddable":true,"href":"https:\/\/www.andreclaude.fr\/web\/index.php\/wp-json\/wp\/v2\/media\/8551"}],"wp:attachment":[{"href":"https:\/\/www.andreclaude.fr\/web\/index.php\/wp-json\/wp\/v2\/media?parent=8550"}],"wp:term":[{"taxonomy":"product_cat","embeddable":true,"href":"https:\/\/www.andreclaude.fr\/web\/index.php\/wp-json\/wp\/v2\/product_cat?post=8550"},{"taxonomy":"product_tag","embeddable":true,"href":"https:\/\/www.andreclaude.fr\/web\/index.php\/wp-json\/wp\/v2\/product_tag?post=8550"}],"curies":[{"name":"wp","href":"https:\/\/api.w.org\/{rel}","templated":true}]}}