{"id":8493,"date":"2016-03-23T10:34:52","date_gmt":"2016-03-23T09:34:52","guid":{"rendered":"http:\/\/www.andreclaude.fr\/web\/?post_type=product&#038;p=8493"},"modified":"2021-03-15T09:23:51","modified_gmt":"2021-03-15T08:23:51","slug":"chateau-saint-baillon-75-cl-2014","status":"publish","type":"product","link":"https:\/\/www.andreclaude.fr\/web\/index.php\/produit\/chateau-saint-baillon-75-cl-2014\/","title":{"rendered":"Ch\u00e2teau Saint Baillon la bouteille 75 cl 2020"},"content":{"rendered":"","protected":false},"excerpt":{"rendered":"<p>57 \u20ac le carton de 6 bouteilles soit 9.50 \u20ac la bouteille<\/p>\n<p>&nbsp;<\/p>\n<p>Le Ros\u00e9 R\u00e9serve du Ch\u00e2teau est issu de Grenache, de Cinsault et de Syrah.<\/p>\n<p>Vinifi\u00e9 \u00e0 basse temp\u00e9rature apr\u00e8s une extraction douce et maitris\u00e9e des jus, il allie fraicheur, \u00e9l\u00e9gance et d\u00e9licatesse dans ses parfums de fruits rouges.<\/p>\n<p class=\" text-justify\">Alcool 12.5 % Contient des sulfites.<\/p>\n<p class=\" text-justify\">La consommation de boissons alcoolis\u00e9es pendant la grossesse, m\u00eame en faible quantit\u00e9, peut avoir des cons\u00e9quences graves sur la sant\u00e9 de l\u2019enfant.<\/p>\n<p class=\" text-justify\">L ABUS D ALCOOL EST DANGEREUX POUR LA SANTE. A CONSOMMER AVEC MODERATION.<\/p>\n<p class=\" text-justify\">LA VENTE D ALCOOL EST INTERDITE AUX MINEURS.<\/p>\n<p>Famille Delon 83340 Flassans sur Issole.<\/p>\n","protected":false},"featured_media":8494,"comment_status":"closed","ping_status":"closed","template":"","meta":[],"product_cat":[194,162],"product_tag":[],"jetpack_publicize_connections":[],"_links":{"self":[{"href":"https:\/\/www.andreclaude.fr\/web\/index.php\/wp-json\/wp\/v2\/product\/8493"}],"collection":[{"href":"https:\/\/www.andreclaude.fr\/web\/index.php\/wp-json\/wp\/v2\/product"}],"about":[{"href":"https:\/\/www.andreclaude.fr\/web\/index.php\/wp-json\/wp\/v2\/types\/product"}],"replies":[{"embeddable":true,"href":"https:\/\/www.andreclaude.fr\/web\/index.php\/wp-json\/wp\/v2\/comments?post=8493"}],"wp:featuredmedia":[{"embeddable":true,"href":"https:\/\/www.andreclaude.fr\/web\/index.php\/wp-json\/wp\/v2\/media\/8494"}],"wp:attachment":[{"href":"https:\/\/www.andreclaude.fr\/web\/index.php\/wp-json\/wp\/v2\/media?parent=8493"}],"wp:term":[{"taxonomy":"product_cat","embeddable":true,"href":"https:\/\/www.andreclaude.fr\/web\/index.php\/wp-json\/wp\/v2\/product_cat?post=8493"},{"taxonomy":"product_tag","embeddable":true,"href":"https:\/\/www.andreclaude.fr\/web\/index.php\/wp-json\/wp\/v2\/product_tag?post=8493"}],"curies":[{"name":"wp","href":"https:\/\/api.w.org\/{rel}","templated":true}]}}