{"id":8366,"date":"2016-03-08T19:04:50","date_gmt":"2016-03-08T18:04:50","guid":{"rendered":"http:\/\/www.andreclaude.fr\/web\/?post_type=product&#038;p=8366"},"modified":"2022-01-28T09:03:18","modified_gmt":"2022-01-28T08:03:18","slug":"melange-exotique-barquette-200g-environ","status":"publish","type":"product","link":"https:\/\/www.andreclaude.fr\/web\/index.php\/produit\/melange-exotique-barquette-200g-environ\/","title":{"rendered":"M\u00e9lange exotique barquette 250g environ"},"content":{"rendered":"<p>Distribu\u00e9 par<\/p>\n<p>Agidra<\/p>\n<p>BP 156<\/p>\n<p>69801 SAINT PRIEST<\/p>\n","protected":false},"excerpt":{"rendered":"<p>M\u00e9lange de\u00a0 fruits secs et de fruits d\u00e9shydrat\u00e9s\u00a0:<\/p>\n<p>Conditionn\u00e9 en barquette refermable \u00e0 volont\u00e9 pour garder toute sa saveur.<\/p>\n<p>Ingr\u00e9dients :Ingr\u00e9dients : raisin sec golden (raisin, huile de tournesol, conservateur : anhydride sulfureux), papaye d\u00e9shydrat\u00e9e en cubes (papaye, sucre, conservateur : anhydride sulfureux), ananas d\u00e9shydrat\u00e9 en cubes (ananas, sucre, acidifiant : acide citrique, conservateur : anhydride sulfureux), chips de banane (banane, huile de noix de coco, sucre, miel, ar\u00f4me), raisin sec flame (raisin, huile de tournesol), noix de coco en lamelles (noix de coco, conservateur : anhydride sulfureux).<br \/>\nFruits en proportions variables.<br \/>\nOrigine :import<\/p>\n<p>Valeurs \u00e9nerg\u00e9tiques et nutritionnelles pour 100 g<\/p>\n<p>Energie 1630kJ \/ 378kcal<br \/>\nGraisses 11.0g dont acides gras satur\u00e9s 10.1g<br \/>\nGlucides 69.8g dont sucres 57.2g<br \/>\nProt\u00e9ines 1.9g<br \/>\nSel 0.21g<\/p>\n","protected":false},"featured_media":8367,"comment_status":"closed","ping_status":"closed","template":"","meta":[],"product_cat":[194,152],"product_tag":[],"jetpack_publicize_connections":[],"_links":{"self":[{"href":"https:\/\/www.andreclaude.fr\/web\/index.php\/wp-json\/wp\/v2\/product\/8366"}],"collection":[{"href":"https:\/\/www.andreclaude.fr\/web\/index.php\/wp-json\/wp\/v2\/product"}],"about":[{"href":"https:\/\/www.andreclaude.fr\/web\/index.php\/wp-json\/wp\/v2\/types\/product"}],"replies":[{"embeddable":true,"href":"https:\/\/www.andreclaude.fr\/web\/index.php\/wp-json\/wp\/v2\/comments?post=8366"}],"wp:featuredmedia":[{"embeddable":true,"href":"https:\/\/www.andreclaude.fr\/web\/index.php\/wp-json\/wp\/v2\/media\/8367"}],"wp:attachment":[{"href":"https:\/\/www.andreclaude.fr\/web\/index.php\/wp-json\/wp\/v2\/media?parent=8366"}],"wp:term":[{"taxonomy":"product_cat","embeddable":true,"href":"https:\/\/www.andreclaude.fr\/web\/index.php\/wp-json\/wp\/v2\/product_cat?post=8366"},{"taxonomy":"product_tag","embeddable":true,"href":"https:\/\/www.andreclaude.fr\/web\/index.php\/wp-json\/wp\/v2\/product_tag?post=8366"}],"curies":[{"name":"wp","href":"https:\/\/api.w.org\/{rel}","templated":true}]}}