{"id":8351,"date":"2016-03-07T08:48:52","date_gmt":"2016-03-07T07:48:52","guid":{"rendered":"http:\/\/www.andreclaude.fr\/web\/?post_type=product&#038;p=8351"},"modified":"2022-01-28T09:03:31","modified_gmt":"2022-01-28T08:03:31","slug":"chips-de-legumes-barquette-150g-environ","status":"publish","type":"product","link":"https:\/\/www.andreclaude.fr\/web\/index.php\/produit\/chips-de-legumes-barquette-150g-environ\/","title":{"rendered":"Chips de l\u00e9gumes barquette 100g environ"},"content":{"rendered":"<p>Distribu\u00e9 par<\/p>\n<p>SAISOF<\/p>\n<p>29\/31 rue des investisseurs<\/p>\n<p>91560 CROSNE<\/p>\n","protected":false},"excerpt":{"rendered":"<p>M\u00e9lange de Chips de l\u00e9gumes :<\/p>\n<p>Patate douce, haricot vert, carotte, chou, potiron.<\/p>\n<p>Conditionn\u00e9 en barquette refermable \u00e0 volont\u00e9 pour garder toute sa saveur.<\/p>\n","protected":false},"featured_media":8353,"comment_status":"closed","ping_status":"closed","template":"","meta":[],"product_cat":[194,152],"product_tag":[],"jetpack_publicize_connections":[],"_links":{"self":[{"href":"https:\/\/www.andreclaude.fr\/web\/index.php\/wp-json\/wp\/v2\/product\/8351"}],"collection":[{"href":"https:\/\/www.andreclaude.fr\/web\/index.php\/wp-json\/wp\/v2\/product"}],"about":[{"href":"https:\/\/www.andreclaude.fr\/web\/index.php\/wp-json\/wp\/v2\/types\/product"}],"replies":[{"embeddable":true,"href":"https:\/\/www.andreclaude.fr\/web\/index.php\/wp-json\/wp\/v2\/comments?post=8351"}],"wp:featuredmedia":[{"embeddable":true,"href":"https:\/\/www.andreclaude.fr\/web\/index.php\/wp-json\/wp\/v2\/media\/8353"}],"wp:attachment":[{"href":"https:\/\/www.andreclaude.fr\/web\/index.php\/wp-json\/wp\/v2\/media?parent=8351"}],"wp:term":[{"taxonomy":"product_cat","embeddable":true,"href":"https:\/\/www.andreclaude.fr\/web\/index.php\/wp-json\/wp\/v2\/product_cat?post=8351"},{"taxonomy":"product_tag","embeddable":true,"href":"https:\/\/www.andreclaude.fr\/web\/index.php\/wp-json\/wp\/v2\/product_tag?post=8351"}],"curies":[{"name":"wp","href":"https:\/\/api.w.org\/{rel}","templated":true}]}}