{"id":8343,"date":"2016-03-04T20:18:12","date_gmt":"2016-03-04T19:18:12","guid":{"rendered":"http:\/\/www.andreclaude.fr\/web\/?post_type=product&#038;p=8343"},"modified":"2023-01-06T17:03:17","modified_gmt":"2023-01-06T16:03:17","slug":"ananas-entier-epluche-en-barquette","status":"publish","type":"product","link":"https:\/\/www.andreclaude.fr\/web\/index.php\/produit\/ananas-entier-epluche-en-barquette\/","title":{"rendered":"Ananas entier Costa-Rica Cat 1 \u00e9pluch\u00e9"},"content":{"rendered":"","protected":false},"excerpt":{"rendered":"<p>Ananas frais pr\u00eats \u00e0 \u00eatre d\u00e9gust\u00e9 ! sans additifs, d\u00e9j\u00e0 \u00e9pluch\u00e9s et coup\u00e9s, pour un plaisir imm\u00e9diat.<br \/>\nSuccombez alors \u00e0 la gourmandise en toute simplicit\u00e9 !<\/p>\n<p>Conditionn\u00e9 par nos soins en barquette refermable \u00e0 volont\u00e9 pour garder toute sa saveur.<\/p>\n<p>100% Frais, 100% Pr\u00eat, sans conservateur.<\/p>\n","protected":false},"featured_media":8344,"comment_status":"closed","ping_status":"closed","template":"","meta":[],"product_cat":[194,144],"product_tag":[],"jetpack_publicize_connections":[],"_links":{"self":[{"href":"https:\/\/www.andreclaude.fr\/web\/index.php\/wp-json\/wp\/v2\/product\/8343"}],"collection":[{"href":"https:\/\/www.andreclaude.fr\/web\/index.php\/wp-json\/wp\/v2\/product"}],"about":[{"href":"https:\/\/www.andreclaude.fr\/web\/index.php\/wp-json\/wp\/v2\/types\/product"}],"replies":[{"embeddable":true,"href":"https:\/\/www.andreclaude.fr\/web\/index.php\/wp-json\/wp\/v2\/comments?post=8343"}],"wp:featuredmedia":[{"embeddable":true,"href":"https:\/\/www.andreclaude.fr\/web\/index.php\/wp-json\/wp\/v2\/media\/8344"}],"wp:attachment":[{"href":"https:\/\/www.andreclaude.fr\/web\/index.php\/wp-json\/wp\/v2\/media?parent=8343"}],"wp:term":[{"taxonomy":"product_cat","embeddable":true,"href":"https:\/\/www.andreclaude.fr\/web\/index.php\/wp-json\/wp\/v2\/product_cat?post=8343"},{"taxonomy":"product_tag","embeddable":true,"href":"https:\/\/www.andreclaude.fr\/web\/index.php\/wp-json\/wp\/v2\/product_tag?post=8343"}],"curies":[{"name":"wp","href":"https:\/\/api.w.org\/{rel}","templated":true}]}}