{"id":8272,"date":"2016-03-02T06:20:34","date_gmt":"2016-03-02T05:20:34","guid":{"rendered":"http:\/\/www.andreclaude.fr\/web\/?post_type=product&#038;p=8272"},"modified":"2022-01-26T18:24:12","modified_gmt":"2022-01-26T17:24:12","slug":"composition-tapenades-et-gressin","status":"publish","type":"product","link":"https:\/\/www.andreclaude.fr\/web\/index.php\/produit\/composition-tapenades-et-gressin\/","title":{"rendered":"Composition tapenades et gressins"},"content":{"rendered":"<p>&nbsp;<\/p>\n<p>Tapenade\u00a0 et gressins :<\/p>\n<p>Distribu\u00e9 par<\/p>\n<p>DISTRAZUR ZI des plaines 80 chemin des buis 26780 Malataverne<\/p>\n<p>&nbsp;<\/p>\n","protected":false},"excerpt":{"rendered":"<div>\n<p class=\"product_title entry-title\">Composition tapenades et gressins<\/p>\n<ul>\n<li class=\"product_title entry-title\">\n<p class=\"product_title entry-title\">Gressins nature le sachet de 200g :<\/p>\n<p>Ingr\u00e9dients :<\/p>\n<p>Farine de <strong>froment<\/strong> 76%, s\u00e9same 14%, huile de palme 5%,\u00a0 sel 2%,\u00a0 levure de bi\u00e8re 2%, farine de <strong>bl\u00e9<\/strong> au malt 1%<\/p>\n<p>Valeurs nutritionnelles moyennes pour 100 g<\/p>\n<p>Energie :2044kj &#8211; 487kcal<\/p>\n<p>Mati\u00e8res grasses : 18.4g dont acides gras satur\u00e9s 4.5g<\/p>\n<p>Glucides : 64.7g dont sucres 2.2g<\/p>\n<p>Prot\u00e9ines : 13.5g<\/p>\n<p>Fibres alimentaires : 4.2g<\/p>\n<p>Sel 2g<\/li>\n<\/ul>\n<ul>\n<li class=\"product_title entry-title\">3 tapenades 90g : Ingr\u00e9dients et valeurs nutritionnelles des tapenades : voir fiche produit de chaque tapenade choisie<\/li>\n<\/ul>\n<p>Pour les gourmands et les amateurs de Gastronomie, vous pouvez composez vous-m\u00eame vos paniers gourmands et m\u00eame les faire livrer directement \u00e0 vos proches.<\/p>\n<\/div>\n","protected":false},"featured_media":8274,"comment_status":"closed","ping_status":"closed","template":"","meta":[],"product_cat":[198,194],"product_tag":[],"jetpack_publicize_connections":[],"_links":{"self":[{"href":"https:\/\/www.andreclaude.fr\/web\/index.php\/wp-json\/wp\/v2\/product\/8272"}],"collection":[{"href":"https:\/\/www.andreclaude.fr\/web\/index.php\/wp-json\/wp\/v2\/product"}],"about":[{"href":"https:\/\/www.andreclaude.fr\/web\/index.php\/wp-json\/wp\/v2\/types\/product"}],"replies":[{"embeddable":true,"href":"https:\/\/www.andreclaude.fr\/web\/index.php\/wp-json\/wp\/v2\/comments?post=8272"}],"wp:featuredmedia":[{"embeddable":true,"href":"https:\/\/www.andreclaude.fr\/web\/index.php\/wp-json\/wp\/v2\/media\/8274"}],"wp:attachment":[{"href":"https:\/\/www.andreclaude.fr\/web\/index.php\/wp-json\/wp\/v2\/media?parent=8272"}],"wp:term":[{"taxonomy":"product_cat","embeddable":true,"href":"https:\/\/www.andreclaude.fr\/web\/index.php\/wp-json\/wp\/v2\/product_cat?post=8272"},{"taxonomy":"product_tag","embeddable":true,"href":"https:\/\/www.andreclaude.fr\/web\/index.php\/wp-json\/wp\/v2\/product_tag?post=8272"}],"curies":[{"name":"wp","href":"https:\/\/api.w.org\/{rel}","templated":true}]}}