{"id":8205,"date":"2016-02-24T20:12:08","date_gmt":"2016-02-24T19:12:08","guid":{"rendered":"http:\/\/www.andreclaude.fr\/web\/?post_type=product&#038;p=8205"},"modified":"2022-01-26T18:25:20","modified_gmt":"2022-01-26T17:25:20","slug":"composition-2-moulins","status":"publish","type":"product","link":"https:\/\/www.andreclaude.fr\/web\/index.php\/produit\/composition-2-moulins\/","title":{"rendered":"Composition moulin poivre et moulin sel"},"content":{"rendered":"<p>Distribu\u00e9 par<\/p>\n<p>SDP<\/p>\n<p><span class=\"LrzXr\">8 Rue des Oliviers, <\/span><\/p>\n<p><span class=\"LrzXr\">94310 Orly<\/span><\/p>\n","protected":false},"excerpt":{"rendered":"<p class=\"product_title entry-title\">Composition 2 moulins<\/p>\n<ul>\n<li class=\"product_title entry-title\">Moulin aux 3 poivres noir blanc et vert 125 g<\/li>\n<\/ul>\n<ul>\n<li class=\"product_title entry-title\">Moulin au diamant de sel rose d\u2019 Himalaya 450 g<\/li>\n<\/ul>\n<p>Pour les gourmands et les amateurs de Gastronomie, vous pouvez composez vous-m\u00eame vos paniers gourmands et m\u00eame les faire livrer directement \u00e0 vos proches.<\/p>\n","protected":false},"featured_media":8206,"comment_status":"closed","ping_status":"closed","template":"","meta":[],"product_cat":[198,194],"product_tag":[],"jetpack_publicize_connections":[],"_links":{"self":[{"href":"https:\/\/www.andreclaude.fr\/web\/index.php\/wp-json\/wp\/v2\/product\/8205"}],"collection":[{"href":"https:\/\/www.andreclaude.fr\/web\/index.php\/wp-json\/wp\/v2\/product"}],"about":[{"href":"https:\/\/www.andreclaude.fr\/web\/index.php\/wp-json\/wp\/v2\/types\/product"}],"replies":[{"embeddable":true,"href":"https:\/\/www.andreclaude.fr\/web\/index.php\/wp-json\/wp\/v2\/comments?post=8205"}],"wp:featuredmedia":[{"embeddable":true,"href":"https:\/\/www.andreclaude.fr\/web\/index.php\/wp-json\/wp\/v2\/media\/8206"}],"wp:attachment":[{"href":"https:\/\/www.andreclaude.fr\/web\/index.php\/wp-json\/wp\/v2\/media?parent=8205"}],"wp:term":[{"taxonomy":"product_cat","embeddable":true,"href":"https:\/\/www.andreclaude.fr\/web\/index.php\/wp-json\/wp\/v2\/product_cat?post=8205"},{"taxonomy":"product_tag","embeddable":true,"href":"https:\/\/www.andreclaude.fr\/web\/index.php\/wp-json\/wp\/v2\/product_tag?post=8205"}],"curies":[{"name":"wp","href":"https:\/\/api.w.org\/{rel}","templated":true}]}}