{"id":8203,"date":"2016-02-24T18:47:59","date_gmt":"2016-02-24T17:47:59","guid":{"rendered":"http:\/\/www.andreclaude.fr\/web\/?post_type=product&#038;p=8203"},"modified":"2022-01-26T18:25:44","modified_gmt":"2022-01-26T17:25:44","slug":"composition-cidre-et-cigarette","status":"publish","type":"product","link":"https:\/\/www.andreclaude.fr\/web\/index.php\/produit\/composition-cidre-et-cigarette\/","title":{"rendered":"Composition cidre et cigarette"},"content":{"rendered":"","protected":false},"excerpt":{"rendered":"<p>Composition cidre et cigarette<\/p>\n<ul>\n<li>Cidre doux bouteille 75 cl<\/li>\n<li style=\"text-align: left;\">Cigarettes Fourr\u00e9es boite de 400g.<\/li>\n<\/ul>\n<p>Pour les gourmands et les amateurs de Gastronomie, vous pouvez composez vous-m\u00eame vos paniers gourmands et m\u00eame les faire livrer directement \u00e0 vos proches.<\/p>\n<div class=\"short-description\">Cidre doux : 100% pur jus Alcool 5 % premi\u00e8re presse, sans ar\u00f4me, sans colorant, sans concentr\u00e9, sans sucre,<\/div>\n<div class=\"short-description\">sans gluten, contient des sulfites.<br \/>\nL ABUS D ALCOOL EST DANGEREUX POUR LA SANTE. A CONSOMMER AVEC MODERATION.LA VENTE D ALCOOL EST INTERDITE AUX MINEURS.Rouquette Production.Cigarettes Fourr\u00e9es au Chocolat et aux Noisettes.<span class=\"txt_beige\"> Marque :<\/span> Bolero.<span class=\"txt_beige\"> Conditionnement :<\/span> Boite 400g.<\/p>\n<p>Ingr\u00e9dients : sucre, farine de <strong>bl\u00e9<\/strong>, huile de palme, poudre de <strong>lactos\u00e9rum<\/strong>, amidon de ma\u00efs, poudre de cacao d\u00e9graiss\u00e9(3.7%), <strong>lait<\/strong> \u00e9cr\u00e9m\u00e9 en poudre, <strong>noisettes<\/strong> (1.2%), \u00e9mulsifiant : l\u00e9cithine de <strong>soja<\/strong>, colorant : couleur caramel, sirop de glucose, ar\u00f4mes. <strong>Peut contenir des traces d&rsquo;oeuf, de s\u00e9same, d&rsquo;arachides ou d&rsquo;autres noix.<\/strong><\/p>\n<p>Valeurs nutritionnelles moyennes pour 100g<\/p>\n<p>Energie : 2001kj\/476kcal<\/p>\n<p>Lipides : 16.7g\u00a0 dont acides gras satur\u00e9s : 7.8g<\/p>\n<p>Glucides : 75.5g dont sucres : 50.2g<\/p>\n<p>Prot\u00e9ines :5g<\/p>\n<p>Sel : 0.2g<\/p>\n<p>Produit de Gr\u00e8ce<\/p>\n<\/div>\n","protected":false},"featured_media":8204,"comment_status":"closed","ping_status":"closed","template":"","meta":[],"product_cat":[198,194],"product_tag":[],"jetpack_publicize_connections":[],"_links":{"self":[{"href":"https:\/\/www.andreclaude.fr\/web\/index.php\/wp-json\/wp\/v2\/product\/8203"}],"collection":[{"href":"https:\/\/www.andreclaude.fr\/web\/index.php\/wp-json\/wp\/v2\/product"}],"about":[{"href":"https:\/\/www.andreclaude.fr\/web\/index.php\/wp-json\/wp\/v2\/types\/product"}],"replies":[{"embeddable":true,"href":"https:\/\/www.andreclaude.fr\/web\/index.php\/wp-json\/wp\/v2\/comments?post=8203"}],"wp:featuredmedia":[{"embeddable":true,"href":"https:\/\/www.andreclaude.fr\/web\/index.php\/wp-json\/wp\/v2\/media\/8204"}],"wp:attachment":[{"href":"https:\/\/www.andreclaude.fr\/web\/index.php\/wp-json\/wp\/v2\/media?parent=8203"}],"wp:term":[{"taxonomy":"product_cat","embeddable":true,"href":"https:\/\/www.andreclaude.fr\/web\/index.php\/wp-json\/wp\/v2\/product_cat?post=8203"},{"taxonomy":"product_tag","embeddable":true,"href":"https:\/\/www.andreclaude.fr\/web\/index.php\/wp-json\/wp\/v2\/product_tag?post=8203"}],"curies":[{"name":"wp","href":"https:\/\/api.w.org\/{rel}","templated":true}]}}