{"id":8186,"date":"2016-02-24T06:53:27","date_gmt":"2016-02-24T05:53:27","guid":{"rendered":"http:\/\/www.andreclaude.fr\/web\/?post_type=product&#038;p=8186"},"modified":"2024-12-30T08:32:39","modified_gmt":"2024-12-30T07:32:39","slug":"menetou-salon-rouge-75-cl-2013","status":"publish","type":"product","link":"https:\/\/www.andreclaude.fr\/web\/index.php\/produit\/menetou-salon-rouge-75-cl-2013\/","title":{"rendered":"Menetou salon rouge Eric Louis 75 cl 2021"},"content":{"rendered":"","protected":false},"excerpt":{"rendered":"<p class=\"ck_normal\"><strong><span class=\"ck_vert\">C\u00e9page:<\/span> <\/strong>100% Pinot Noir<\/p>\n<p>&nbsp;<\/p>\n<p><strong><span class=\"ck_vert\">Terroir:<\/span><\/strong> il<strong>\u00a0 <\/strong>est r\u00e9colt\u00e9 sur des sols argilo-calcaires et sur un tapis de petits coquillages fossilis\u00e9s.<\/p>\n<p><strong><span class=\"ck_vert\">Travail de la vigne:<\/span> <\/strong>La vigne est l\u2019objet d\u2019observations constantes: nous limitons nos rendements, d\u00e9butons les vendanges suivant la maturit\u00e9 de chaque parcelle, proc\u00e9dons au tri de la r\u00e9colte\u2026<\/p>\n<p><strong><span class=\"ck_vert\">Vinification:<\/span> <\/strong>Les raisins sont \u00e9grapp\u00e9s et achemin\u00e9s dans les cuves de pigeage. Puis, intervient ensuite la fermentation avec des remontages et pigeages mod\u00e9r\u00e9s afin d\u2019extraire la couleur et les ar\u00f4mes.<\/p>\n<p><strong><span class=\"ck_vert\">D\u00e9gustation:<\/span> <\/strong>Une belle robe couleur rubis et un nez parfum\u00e9. Sa bouche est subtile avec des notes de fruits rouges et de fruits confits. Un vin friand et gouleyant.<\/p>\n<p><strong><span class=\"ck_vert\">Accord met-vin :<\/span> <\/strong>Id\u00e9al avec un plateau de charcuterie ou un poisson.<\/p>\n<p class=\" text-justify\">Alcool 12.5 % Contient des sulfites.<\/p>\n<p class=\" text-justify\">La consommation de boissons alcoolis\u00e9es pendant la grossesse, m\u00eame en faible quantit\u00e9, peut avoir des cons\u00e9quences graves sur la sant\u00e9 de l\u2019enfant.<\/p>\n<p class=\" text-justify\">L ABUS D ALCOOL EST DANGEREUX POUR LA SANTE. A CONSOMMER AVEC MODERATION.<\/p>\n<p class=\" text-justify\">LA VENTE D ALCOOL EST INTERDITE AUX MINEURS.<\/p>\n<p class=\" text-justify\">Eric Louis 18300 Thauvenay<\/p>\n","protected":false},"featured_media":8187,"comment_status":"closed","ping_status":"closed","template":"","meta":[],"product_cat":[194,162],"product_tag":[],"jetpack_publicize_connections":[],"_links":{"self":[{"href":"https:\/\/www.andreclaude.fr\/web\/index.php\/wp-json\/wp\/v2\/product\/8186"}],"collection":[{"href":"https:\/\/www.andreclaude.fr\/web\/index.php\/wp-json\/wp\/v2\/product"}],"about":[{"href":"https:\/\/www.andreclaude.fr\/web\/index.php\/wp-json\/wp\/v2\/types\/product"}],"replies":[{"embeddable":true,"href":"https:\/\/www.andreclaude.fr\/web\/index.php\/wp-json\/wp\/v2\/comments?post=8186"}],"wp:featuredmedia":[{"embeddable":true,"href":"https:\/\/www.andreclaude.fr\/web\/index.php\/wp-json\/wp\/v2\/media\/8187"}],"wp:attachment":[{"href":"https:\/\/www.andreclaude.fr\/web\/index.php\/wp-json\/wp\/v2\/media?parent=8186"}],"wp:term":[{"taxonomy":"product_cat","embeddable":true,"href":"https:\/\/www.andreclaude.fr\/web\/index.php\/wp-json\/wp\/v2\/product_cat?post=8186"},{"taxonomy":"product_tag","embeddable":true,"href":"https:\/\/www.andreclaude.fr\/web\/index.php\/wp-json\/wp\/v2\/product_tag?post=8186"}],"curies":[{"name":"wp","href":"https:\/\/api.w.org\/{rel}","templated":true}]}}