{"id":8154,"date":"2016-02-23T18:49:01","date_gmt":"2016-02-23T17:49:01","guid":{"rendered":"http:\/\/www.andreclaude.fr\/web\/?post_type=product&#038;p=8154"},"modified":"2022-07-01T03:50:06","modified_gmt":"2022-07-01T02:50:06","slug":"coffret-3-bouteilles-3","status":"publish","type":"product","link":"https:\/\/www.andreclaude.fr\/web\/index.php\/produit\/coffret-3-bouteilles-3\/","title":{"rendered":"Coffret 3 bouteilles Chateau Goumin, tariquet, Roseline"},"content":{"rendered":"","protected":false},"excerpt":{"rendered":"<p>Coffret 3 bouteilles<\/p>\n<ul>\n<li>Tariquet blanc classic 75 cl<\/li>\n<li>Perle de Roseline 75 cl<\/li>\n<li>Chateau Goumin\u00a075 cl<\/li>\n<\/ul>\n<p class=\" text-justify\">La consommation de boissons alcoolis\u00e9es pendant la grossesse, m\u00eame en faible quantit\u00e9, peut avoir des cons\u00e9quences graves sur la sant\u00e9 de l\u2019enfant.<\/p>\n<p class=\" text-justify\">L ABUS D ALCOOL EST DANGEREUX POUR LA SANTE. A CONSOMMER AVEC MODERATION.<\/p>\n<p class=\" text-justify\">LA VENTE D ALCOOL EST INTERDITE AUX MINEURS.<\/p>\n","protected":false},"featured_media":8162,"comment_status":"closed","ping_status":"closed","template":"","meta":[],"product_cat":[194,197],"product_tag":[],"jetpack_publicize_connections":[],"_links":{"self":[{"href":"https:\/\/www.andreclaude.fr\/web\/index.php\/wp-json\/wp\/v2\/product\/8154"}],"collection":[{"href":"https:\/\/www.andreclaude.fr\/web\/index.php\/wp-json\/wp\/v2\/product"}],"about":[{"href":"https:\/\/www.andreclaude.fr\/web\/index.php\/wp-json\/wp\/v2\/types\/product"}],"replies":[{"embeddable":true,"href":"https:\/\/www.andreclaude.fr\/web\/index.php\/wp-json\/wp\/v2\/comments?post=8154"}],"wp:featuredmedia":[{"embeddable":true,"href":"https:\/\/www.andreclaude.fr\/web\/index.php\/wp-json\/wp\/v2\/media\/8162"}],"wp:attachment":[{"href":"https:\/\/www.andreclaude.fr\/web\/index.php\/wp-json\/wp\/v2\/media?parent=8154"}],"wp:term":[{"taxonomy":"product_cat","embeddable":true,"href":"https:\/\/www.andreclaude.fr\/web\/index.php\/wp-json\/wp\/v2\/product_cat?post=8154"},{"taxonomy":"product_tag","embeddable":true,"href":"https:\/\/www.andreclaude.fr\/web\/index.php\/wp-json\/wp\/v2\/product_tag?post=8154"}],"curies":[{"name":"wp","href":"https:\/\/api.w.org\/{rel}","templated":true}]}}