{"id":7889,"date":"2016-01-29T20:13:34","date_gmt":"2016-01-29T19:13:34","guid":{"rendered":"http:\/\/www.andreclaude.fr\/web\/?post_type=product&#038;p=7889"},"modified":"2025-07-30T10:04:22","modified_gmt":"2025-07-30T09:04:22","slug":"moulin-au-sel-rose-d-himalaya","status":"publish","type":"product","link":"https:\/\/www.andreclaude.fr\/web\/index.php\/produit\/moulin-au-sel-rose-d-himalaya\/","title":{"rendered":"Moulin au diamant de sel rose d&rsquo; Himalaya 450g"},"content":{"rendered":"<p>Distribu\u00e9 par<\/p>\n<p>SDP<\/p>\n<p><span class=\"LrzXr\">8 Rue des Oliviers, <\/span><\/p>\n<p><span class=\"LrzXr\">94310 Orly<\/span><\/p>\n","protected":false},"excerpt":{"rendered":"<p>Le sel rose de l&rsquo;Himalaya est un concentr\u00e9 de bienfaits. Sa puret\u00e9 et sa richesse en min\u00e9raux en font un alli\u00e9 indispensable dans votre cuisine. Son go\u00fbt est plus raffin\u00e9 que le sel classique, qu&rsquo;il remplacera avantageusement. Il est parfait dans vos plats crus ou cuits, et dans les m\u00e9langes sucr\u00e9-sal\u00e9.<\/p>\n<p>Ingr\u00e9dients : Diamant de sel<\/p>\n<p>&nbsp;<\/p>\n","protected":false},"featured_media":7890,"comment_status":"closed","ping_status":"closed","template":"","meta":[],"product_cat":[194,179],"product_tag":[],"jetpack_publicize_connections":[],"_links":{"self":[{"href":"https:\/\/www.andreclaude.fr\/web\/index.php\/wp-json\/wp\/v2\/product\/7889"}],"collection":[{"href":"https:\/\/www.andreclaude.fr\/web\/index.php\/wp-json\/wp\/v2\/product"}],"about":[{"href":"https:\/\/www.andreclaude.fr\/web\/index.php\/wp-json\/wp\/v2\/types\/product"}],"replies":[{"embeddable":true,"href":"https:\/\/www.andreclaude.fr\/web\/index.php\/wp-json\/wp\/v2\/comments?post=7889"}],"wp:featuredmedia":[{"embeddable":true,"href":"https:\/\/www.andreclaude.fr\/web\/index.php\/wp-json\/wp\/v2\/media\/7890"}],"wp:attachment":[{"href":"https:\/\/www.andreclaude.fr\/web\/index.php\/wp-json\/wp\/v2\/media?parent=7889"}],"wp:term":[{"taxonomy":"product_cat","embeddable":true,"href":"https:\/\/www.andreclaude.fr\/web\/index.php\/wp-json\/wp\/v2\/product_cat?post=7889"},{"taxonomy":"product_tag","embeddable":true,"href":"https:\/\/www.andreclaude.fr\/web\/index.php\/wp-json\/wp\/v2\/product_tag?post=7889"}],"curies":[{"name":"wp","href":"https:\/\/api.w.org\/{rel}","templated":true}]}}