{"id":7723,"date":"2016-01-16T08:43:38","date_gmt":"2016-01-16T07:43:38","guid":{"rendered":"http:\/\/www.andreclaude.fr\/web\/?post_type=product&#038;p=7723"},"modified":"2026-04-25T07:24:03","modified_gmt":"2026-04-25T06:24:03","slug":"orange-navel","status":"publish","type":"product","link":"https:\/\/www.andreclaude.fr\/web\/index.php\/produit\/orange-navel\/","title":{"rendered":"Orange Valencia \u00e0 jus Espagne Cat 1 le kilo"},"content":{"rendered":"","protected":false},"excerpt":{"rendered":"<p>Le Sharon, plus commun\u00e9ment connu sous le nom de kaki, famille des plaquemines,\u00a0 a une teinte orang\u00e9e et se caract\u00e9rise par sa teneur \u00e9lev\u00e9e en sucre , sa chair est douce et juteuse, il se mange comme une pomme, il est pr\u00e9f\u00e9rable de se d\u00e9barrasser de sa peau astringente.<\/p>\n","protected":false},"featured_media":4867,"comment_status":"closed","ping_status":"closed","template":"","meta":[],"product_cat":[194,144],"product_tag":[],"jetpack_publicize_connections":[],"_links":{"self":[{"href":"https:\/\/www.andreclaude.fr\/web\/index.php\/wp-json\/wp\/v2\/product\/7723"}],"collection":[{"href":"https:\/\/www.andreclaude.fr\/web\/index.php\/wp-json\/wp\/v2\/product"}],"about":[{"href":"https:\/\/www.andreclaude.fr\/web\/index.php\/wp-json\/wp\/v2\/types\/product"}],"replies":[{"embeddable":true,"href":"https:\/\/www.andreclaude.fr\/web\/index.php\/wp-json\/wp\/v2\/comments?post=7723"}],"wp:featuredmedia":[{"embeddable":true,"href":"https:\/\/www.andreclaude.fr\/web\/index.php\/wp-json\/wp\/v2\/media\/4867"}],"wp:attachment":[{"href":"https:\/\/www.andreclaude.fr\/web\/index.php\/wp-json\/wp\/v2\/media?parent=7723"}],"wp:term":[{"taxonomy":"product_cat","embeddable":true,"href":"https:\/\/www.andreclaude.fr\/web\/index.php\/wp-json\/wp\/v2\/product_cat?post=7723"},{"taxonomy":"product_tag","embeddable":true,"href":"https:\/\/www.andreclaude.fr\/web\/index.php\/wp-json\/wp\/v2\/product_tag?post=7723"}],"curies":[{"name":"wp","href":"https:\/\/api.w.org\/{rel}","templated":true}]}}