{"id":7182,"date":"2015-12-22T11:57:23","date_gmt":"2015-12-22T10:57:23","guid":{"rendered":"http:\/\/www.andreclaude.fr\/web\/?post_type=product&#038;p=7182"},"modified":"2025-11-21T11:03:21","modified_gmt":"2025-11-21T10:03:21","slug":"rhum-xo-70-cl","status":"publish","type":"product","link":"https:\/\/www.andreclaude.fr\/web\/index.php\/produit\/rhum-xo-70-cl\/","title":{"rendered":"Rhum XO El Pasador 70 cl"},"content":{"rendered":"","protected":false},"excerpt":{"rendered":"<p>Rhum xo el pasador de oro 70 cl\u00a0 40\u00b0 Guatemala<\/p>\n<p>Le rhum XO du Guatemala se pr\u00e9sente dans une tr\u00e8s jolie carafe sous \u00e9tui.<br \/>\nProfil : Equilibre, \u00e9l\u00e9gance, onctuosit\u00e9, rondeur et complexit\u00e9 aromatique.<br \/>\n\u00c0 propos de EL PASADOR DE ORO.<br \/>\nDevenue en moins de cinq ans la marque en plus forte croissance du segment des rhums premiums, EL PASADOR DE ORO est un assemblage de rhums du Guatemala assembl\u00e9s et affin\u00e9s dans nos chais charentais en anciens foudres de cognac.<br \/>\nApr\u00e8s l\u2019obtention des m\u00e9dailles d\u2019or au Concours Mondial de Bruxelles 2019 pour l\u2019int\u00e9gralit\u00e9 de sa gamme, c\u2019est au concours de San Francisco 2020 que la marque \u00e9tonne avec l\u2019obtention de la double m\u00e9daille d\u2019or sur sa r\u00e9f\u00e9rence GRAN RESERVA et de la m\u00e9daille d\u2019or sur sa r\u00e9f\u00e9rence XO.<br \/>\nM\u00e9dailles.<br \/>\nM\u00e9daille d\u2019or au Rhum and Cacha\u00e7a Masters 2021.<br \/>\nM\u00e9daille d\u2019or au concours international de San Francisco en 2020.<br \/>\nM\u00e9daille d\u2019or au concours mondial de Bruxelles en 2019.<\/p>\n<p>La consommation de boissons alcoolis\u00e9es pendant la grossesse, m\u00eame en faible quantit\u00e9, peut avoir des cons\u00e9quences graves sur la sant\u00e9 de l\u2019enfant.<\/p>\n<p>L ABUS D ALCOOL EST DANGEREUX POUR LA SANTE. A CONSOMMER AVEC MODERATION.<\/p>\n<p>LA VENTE D ALCOOL EST INTERDITE AUX MINEURS.<\/p>\n<p>Les bienheureux\u00a0 75000 Paris<\/p>\n","protected":false},"featured_media":21084,"comment_status":"closed","ping_status":"closed","template":"","meta":[],"product_cat":[194,160],"product_tag":[],"jetpack_publicize_connections":[],"_links":{"self":[{"href":"https:\/\/www.andreclaude.fr\/web\/index.php\/wp-json\/wp\/v2\/product\/7182"}],"collection":[{"href":"https:\/\/www.andreclaude.fr\/web\/index.php\/wp-json\/wp\/v2\/product"}],"about":[{"href":"https:\/\/www.andreclaude.fr\/web\/index.php\/wp-json\/wp\/v2\/types\/product"}],"replies":[{"embeddable":true,"href":"https:\/\/www.andreclaude.fr\/web\/index.php\/wp-json\/wp\/v2\/comments?post=7182"}],"wp:featuredmedia":[{"embeddable":true,"href":"https:\/\/www.andreclaude.fr\/web\/index.php\/wp-json\/wp\/v2\/media\/21084"}],"wp:attachment":[{"href":"https:\/\/www.andreclaude.fr\/web\/index.php\/wp-json\/wp\/v2\/media?parent=7182"}],"wp:term":[{"taxonomy":"product_cat","embeddable":true,"href":"https:\/\/www.andreclaude.fr\/web\/index.php\/wp-json\/wp\/v2\/product_cat?post=7182"},{"taxonomy":"product_tag","embeddable":true,"href":"https:\/\/www.andreclaude.fr\/web\/index.php\/wp-json\/wp\/v2\/product_tag?post=7182"}],"curies":[{"name":"wp","href":"https:\/\/api.w.org\/{rel}","templated":true}]}}