{"id":7179,"date":"2015-12-22T11:48:52","date_gmt":"2015-12-22T10:48:52","guid":{"rendered":"http:\/\/www.andreclaude.fr\/web\/?post_type=product&#038;p=7179"},"modified":"2020-12-11T08:51:43","modified_gmt":"2020-12-11T07:51:43","slug":"whisky-bellevoye-triple-malt-70-cl","status":"publish","type":"product","link":"https:\/\/www.andreclaude.fr\/web\/index.php\/produit\/whisky-bellevoye-triple-malt-70-cl\/","title":{"rendered":"Whisky Fran\u00e7ais Bellevoye Triple Malt 70 cl Bleu"},"content":{"rendered":"","protected":false},"excerpt":{"rendered":"<p>Whisky Fran\u00e7ais Bellevoye 40\u00b0Avec \u00e9tui 70 cl<\/p>\n<div class=\"col-lg-4 col-md-12\">\n<div class=\"s-title8 ttu\">Cat\u00e9gorie 1er Triple Malt 100% fran\u00e7ais.<\/div>\n<div class=\"s-title8 ttu\">\n<div class=\"col-lg-4 col-md-12\">\n<div class=\"s-title8 ttu\">Origine Trois meilleurs Single Malt de France (Nord, Alsace, Charente). Non tourb\u00e9.<\/div>\n<div class=\"s-title8 ttu\">\n<div class=\"col-lg-4 col-md-12\">\n<div class=\"s-title8 ttu\">Notes de d\u00e9gustation Equilibre, \u00e9l\u00e9gance, rondeur et complexit\u00e9 aromatique.<\/div>\n<div class=\"s-title8 ttu\">La consommation de boissons alcoolis\u00e9es pendant la grossesse, m\u00eame en faible quantit\u00e9, peut avoir des cons\u00e9quences graves sur la sant\u00e9 de l\u2019enfant.<\/div>\n<\/div>\n<\/div>\n<\/div>\n<\/div>\n<\/div>\n<p>L ABUS D ALCOOL EST DANGEREUX POUR LA SANTE. A CONSOMMER AVEC MODERATION.<\/p>\n<p>LA VENTE D ALCOOL EST INTERDITE AUX MINEURS.<\/p>\n<p>Les bienheureux 10 avenue de la Grande Arm\u00e9e 75017 Paris.<\/p>\n","protected":false},"featured_media":17063,"comment_status":"closed","ping_status":"closed","template":"","meta":[],"product_cat":[194,164],"product_tag":[],"jetpack_publicize_connections":[],"_links":{"self":[{"href":"https:\/\/www.andreclaude.fr\/web\/index.php\/wp-json\/wp\/v2\/product\/7179"}],"collection":[{"href":"https:\/\/www.andreclaude.fr\/web\/index.php\/wp-json\/wp\/v2\/product"}],"about":[{"href":"https:\/\/www.andreclaude.fr\/web\/index.php\/wp-json\/wp\/v2\/types\/product"}],"replies":[{"embeddable":true,"href":"https:\/\/www.andreclaude.fr\/web\/index.php\/wp-json\/wp\/v2\/comments?post=7179"}],"wp:featuredmedia":[{"embeddable":true,"href":"https:\/\/www.andreclaude.fr\/web\/index.php\/wp-json\/wp\/v2\/media\/17063"}],"wp:attachment":[{"href":"https:\/\/www.andreclaude.fr\/web\/index.php\/wp-json\/wp\/v2\/media?parent=7179"}],"wp:term":[{"taxonomy":"product_cat","embeddable":true,"href":"https:\/\/www.andreclaude.fr\/web\/index.php\/wp-json\/wp\/v2\/product_cat?post=7179"},{"taxonomy":"product_tag","embeddable":true,"href":"https:\/\/www.andreclaude.fr\/web\/index.php\/wp-json\/wp\/v2\/product_tag?post=7179"}],"curies":[{"name":"wp","href":"https:\/\/api.w.org\/{rel}","templated":true}]}}