{"id":6503,"date":"2015-12-07T12:14:01","date_gmt":"2015-12-07T11:14:01","guid":{"rendered":"http:\/\/www.andreclaude.fr\/web\/index.php\/produit\/nounours-guimaume-noir-barq-200-grs-env\/"},"modified":"2024-11-07T11:54:25","modified_gmt":"2024-11-07T10:54:25","slug":"nounours-guimaume-noir-barq-200-grs-env","status":"publish","type":"product","link":"https:\/\/www.andreclaude.fr\/web\/index.php\/produit\/nounours-guimaume-noir-barq-200-grs-env\/","title":{"rendered":"Oursons chocolat noir barq. 200g env."},"content":{"rendered":"<p>Distribu\u00e9 par<\/p>\n<p>AGIDRA<\/p>\n<p>BP 156<\/p>\n<p>69801 SAINT PRIEST<\/p>\n","protected":false},"excerpt":{"rendered":"<p>Parmi tous les bonbons et toutes les confiseries au monde, la guimauve est certainement la friandise la plus douce et la plus r\u00e9confortante.<\/p>\n<p>Ingr\u00e9dients : sirop de glucose-fructose, chocolat noir 30% (sucre, p\u00e2te de cacao, beurre de cacao, \u00e9mulsifiant : <strong>lecithine de soja<\/strong>, ar\u00f4me vanille), sucre, eau, g\u00e9latine, ar\u00f4me, <strong>lait<\/strong>.<\/p>\n<p>Mati\u00e8res grasses :10.8 g<br \/>\ndont AG satur\u00e9s : 6,6 g<br \/>\nProt\u00e9ines :3.3 g<br \/>\nGlucides: 72.7 g<br \/>\n&#8211; dont sucres : 55,2 g<br \/>\nFibres : 1,9 g<br \/>\nSel : 0,02 g<\/p>\n","protected":false},"featured_media":7348,"comment_status":"closed","ping_status":"closed","template":"","meta":[],"product_cat":[194,176],"product_tag":[],"jetpack_publicize_connections":[],"_links":{"self":[{"href":"https:\/\/www.andreclaude.fr\/web\/index.php\/wp-json\/wp\/v2\/product\/6503"}],"collection":[{"href":"https:\/\/www.andreclaude.fr\/web\/index.php\/wp-json\/wp\/v2\/product"}],"about":[{"href":"https:\/\/www.andreclaude.fr\/web\/index.php\/wp-json\/wp\/v2\/types\/product"}],"replies":[{"embeddable":true,"href":"https:\/\/www.andreclaude.fr\/web\/index.php\/wp-json\/wp\/v2\/comments?post=6503"}],"wp:featuredmedia":[{"embeddable":true,"href":"https:\/\/www.andreclaude.fr\/web\/index.php\/wp-json\/wp\/v2\/media\/7348"}],"wp:attachment":[{"href":"https:\/\/www.andreclaude.fr\/web\/index.php\/wp-json\/wp\/v2\/media?parent=6503"}],"wp:term":[{"taxonomy":"product_cat","embeddable":true,"href":"https:\/\/www.andreclaude.fr\/web\/index.php\/wp-json\/wp\/v2\/product_cat?post=6503"},{"taxonomy":"product_tag","embeddable":true,"href":"https:\/\/www.andreclaude.fr\/web\/index.php\/wp-json\/wp\/v2\/product_tag?post=6503"}],"curies":[{"name":"wp","href":"https:\/\/api.w.org\/{rel}","templated":true}]}}