{"id":6450,"date":"2015-12-07T11:42:50","date_gmt":"2015-12-07T10:42:50","guid":{"rendered":"http:\/\/www.andreclaude.fr\/web\/index.php\/produit\/figue-seche-les-250-grs\/"},"modified":"2024-10-08T05:18:52","modified_gmt":"2024-10-08T04:18:52","slug":"figue-seche-les-250-grs","status":"publish","type":"product","link":"https:\/\/www.andreclaude.fr\/web\/index.php\/produit\/figue-seche-les-250-grs\/","title":{"rendered":"Figue s\u00e8che Turquie cat\u00e9gorie 1 les 250g"},"content":{"rendered":"","protected":false},"excerpt":{"rendered":"<p>Ingr\u00e9dients : Figue s\u00e9ch\u00e9e<br \/>\nValeurs \u00e9nerg\u00e9tiques et nutritionnelles moyennes pour 100 g:<br \/>\nEnergie 1148kj\/271kcal<br \/>\nGraisses 2.8g dont acides gras satur\u00e9s 0.4g<br \/>\nGlucides 58g dont sucres 49g<br \/>\nFibres alimentaires : 13.5g<br \/>\nProt\u00e9ines 3.6g<br \/>\nSel 0.15g<\/p>\n","protected":false},"featured_media":6991,"comment_status":"closed","ping_status":"closed","template":"","meta":[],"product_cat":[194,151],"product_tag":[],"jetpack_publicize_connections":[],"_links":{"self":[{"href":"https:\/\/www.andreclaude.fr\/web\/index.php\/wp-json\/wp\/v2\/product\/6450"}],"collection":[{"href":"https:\/\/www.andreclaude.fr\/web\/index.php\/wp-json\/wp\/v2\/product"}],"about":[{"href":"https:\/\/www.andreclaude.fr\/web\/index.php\/wp-json\/wp\/v2\/types\/product"}],"replies":[{"embeddable":true,"href":"https:\/\/www.andreclaude.fr\/web\/index.php\/wp-json\/wp\/v2\/comments?post=6450"}],"wp:featuredmedia":[{"embeddable":true,"href":"https:\/\/www.andreclaude.fr\/web\/index.php\/wp-json\/wp\/v2\/media\/6991"}],"wp:attachment":[{"href":"https:\/\/www.andreclaude.fr\/web\/index.php\/wp-json\/wp\/v2\/media?parent=6450"}],"wp:term":[{"taxonomy":"product_cat","embeddable":true,"href":"https:\/\/www.andreclaude.fr\/web\/index.php\/wp-json\/wp\/v2\/product_cat?post=6450"},{"taxonomy":"product_tag","embeddable":true,"href":"https:\/\/www.andreclaude.fr\/web\/index.php\/wp-json\/wp\/v2\/product_tag?post=6450"}],"curies":[{"name":"wp","href":"https:\/\/api.w.org\/{rel}","templated":true}]}}