{"id":6438,"date":"2015-12-07T11:42:42","date_gmt":"2015-12-07T10:42:42","guid":{"rendered":"http:\/\/www.andreclaude.fr\/web\/index.php\/produit\/a-quartiers-dartichauts-marines-bocal-314-ml\/"},"modified":"2018-10-04T16:55:16","modified_gmt":"2018-10-04T15:55:16","slug":"a-quartiers-dartichauts-marines-bocal-314-ml","status":"publish","type":"product","link":"https:\/\/www.andreclaude.fr\/web\/index.php\/produit\/a-quartiers-dartichauts-marines-bocal-314-ml\/","title":{"rendered":"Quartiers d&rsquo;Artichauts Marin\u00e9s bocal 314 Ml"},"content":{"rendered":"<p>Maison\u00a0 CASTELLINO<\/p>\n<p>Distribu\u00e9 par<\/p>\n<p>DISTRAZUR<\/p>\n<p><span class=\"LrzXr\">ZI des plaines,<\/span><\/p>\n<p><span class=\"LrzXr\"> 80 chemins des buis,<\/span><\/p>\n<p><span class=\"LrzXr\"> 26780 Malataverne<\/span><\/p>\n","protected":false},"excerpt":{"rendered":"<p>Id\u00e9ales pour les ap\u00e9ritifs, salades, sandwiches, p\u00e2tes, pizzas, tartes, bruschettas\u2026<\/p>\n<p>Apr\u00e8s d\u00e9gustation, la marinade d\u00e9licieusement parfum\u00e9e par les quartiers d\u2019artichauts\u00a0et ses \u00e9pices, peut \u00eatre utilis\u00e9e dans vos pr\u00e9parations de salades, pates\u2026<\/p>\n","protected":false},"featured_media":6439,"comment_status":"closed","ping_status":"closed","template":"","meta":[],"product_cat":[194,183],"product_tag":[],"jetpack_publicize_connections":[],"_links":{"self":[{"href":"https:\/\/www.andreclaude.fr\/web\/index.php\/wp-json\/wp\/v2\/product\/6438"}],"collection":[{"href":"https:\/\/www.andreclaude.fr\/web\/index.php\/wp-json\/wp\/v2\/product"}],"about":[{"href":"https:\/\/www.andreclaude.fr\/web\/index.php\/wp-json\/wp\/v2\/types\/product"}],"replies":[{"embeddable":true,"href":"https:\/\/www.andreclaude.fr\/web\/index.php\/wp-json\/wp\/v2\/comments?post=6438"}],"wp:featuredmedia":[{"embeddable":true,"href":"https:\/\/www.andreclaude.fr\/web\/index.php\/wp-json\/wp\/v2\/media\/6439"}],"wp:attachment":[{"href":"https:\/\/www.andreclaude.fr\/web\/index.php\/wp-json\/wp\/v2\/media?parent=6438"}],"wp:term":[{"taxonomy":"product_cat","embeddable":true,"href":"https:\/\/www.andreclaude.fr\/web\/index.php\/wp-json\/wp\/v2\/product_cat?post=6438"},{"taxonomy":"product_tag","embeddable":true,"href":"https:\/\/www.andreclaude.fr\/web\/index.php\/wp-json\/wp\/v2\/product_tag?post=6438"}],"curies":[{"name":"wp","href":"https:\/\/api.w.org\/{rel}","templated":true}]}}