{"id":6411,"date":"2015-12-07T11:42:21","date_gmt":"2015-12-07T10:42:21","guid":{"rendered":"http:\/\/www.andreclaude.fr\/web\/index.php\/produit\/p-corbeille-20-a-35-personnes\/"},"modified":"2022-01-07T07:04:09","modified_gmt":"2022-01-07T06:04:09","slug":"p-corbeille-20-a-35-personnes","status":"publish","type":"product","link":"https:\/\/www.andreclaude.fr\/web\/index.php\/produit\/p-corbeille-20-a-35-personnes\/","title":{"rendered":"Corbeille de Fruits"},"content":{"rendered":"","protected":false},"excerpt":{"rendered":"<p>Nous s\u00e9lectionnons chaque jour les meilleurs fruits en provenance des plus beaux terroirs de France mais aussi des 4 coins du monde pour la gamme exotique. Nos crit\u00e8res de choix: Go\u00fbt, fra\u00eecheur, pr\u00e9sentation et origine des fruits. Nous composons votre corbeille de fa\u00e7on artisanale en disposant les fruits \u00e0 la main, avec le plus grand soin, en jouant sur les couleurs et les formes pour une composition harmonieuse.<\/p>\n","protected":false},"featured_media":18813,"comment_status":"closed","ping_status":"closed","template":"","meta":[],"product_cat":[194,187],"product_tag":[],"jetpack_publicize_connections":[],"_links":{"self":[{"href":"https:\/\/www.andreclaude.fr\/web\/index.php\/wp-json\/wp\/v2\/product\/6411"}],"collection":[{"href":"https:\/\/www.andreclaude.fr\/web\/index.php\/wp-json\/wp\/v2\/product"}],"about":[{"href":"https:\/\/www.andreclaude.fr\/web\/index.php\/wp-json\/wp\/v2\/types\/product"}],"replies":[{"embeddable":true,"href":"https:\/\/www.andreclaude.fr\/web\/index.php\/wp-json\/wp\/v2\/comments?post=6411"}],"wp:featuredmedia":[{"embeddable":true,"href":"https:\/\/www.andreclaude.fr\/web\/index.php\/wp-json\/wp\/v2\/media\/18813"}],"wp:attachment":[{"href":"https:\/\/www.andreclaude.fr\/web\/index.php\/wp-json\/wp\/v2\/media?parent=6411"}],"wp:term":[{"taxonomy":"product_cat","embeddable":true,"href":"https:\/\/www.andreclaude.fr\/web\/index.php\/wp-json\/wp\/v2\/product_cat?post=6411"},{"taxonomy":"product_tag","embeddable":true,"href":"https:\/\/www.andreclaude.fr\/web\/index.php\/wp-json\/wp\/v2\/product_tag?post=6411"}],"curies":[{"name":"wp","href":"https:\/\/api.w.org\/{rel}","templated":true}]}}