{"id":6386,"date":"2015-12-07T11:41:42","date_gmt":"2015-12-07T10:41:42","guid":{"rendered":"http:\/\/www.andreclaude.fr\/web\/index.php\/produit\/rapee-concombre-lamelle-barq-200g\/"},"modified":"2026-03-31T05:37:26","modified_gmt":"2026-03-31T04:37:26","slug":"rapee-concombre-lamelle-barq-200g","status":"publish","type":"product","link":"https:\/\/www.andreclaude.fr\/web\/index.php\/produit\/rapee-concombre-lamelle-barq-200g\/","title":{"rendered":"Concombre lamelle France la barq.166g Env."},"content":{"rendered":"","protected":false},"excerpt":{"rendered":"<p>1 \u20ac la barquette 166g env. Soit 6\u20ac le kilo<\/p>\n<p>L\u00e9gumes \u00e9pluch\u00e9s et coup\u00e9s, pr\u00eats \u00e0 consommer. Conditionn\u00e9 en barquette refermable \u00e0 volont\u00e9 pour garder toute sa saveur.<\/p>\n<p>100% Frais, 100% Pr\u00eat, sans conservateur.<\/p>\n","protected":false},"featured_media":7452,"comment_status":"closed","ping_status":"closed","template":"","meta":[],"product_cat":[194,145],"product_tag":[],"jetpack_publicize_connections":[],"_links":{"self":[{"href":"https:\/\/www.andreclaude.fr\/web\/index.php\/wp-json\/wp\/v2\/product\/6386"}],"collection":[{"href":"https:\/\/www.andreclaude.fr\/web\/index.php\/wp-json\/wp\/v2\/product"}],"about":[{"href":"https:\/\/www.andreclaude.fr\/web\/index.php\/wp-json\/wp\/v2\/types\/product"}],"replies":[{"embeddable":true,"href":"https:\/\/www.andreclaude.fr\/web\/index.php\/wp-json\/wp\/v2\/comments?post=6386"}],"wp:featuredmedia":[{"embeddable":true,"href":"https:\/\/www.andreclaude.fr\/web\/index.php\/wp-json\/wp\/v2\/media\/7452"}],"wp:attachment":[{"href":"https:\/\/www.andreclaude.fr\/web\/index.php\/wp-json\/wp\/v2\/media?parent=6386"}],"wp:term":[{"taxonomy":"product_cat","embeddable":true,"href":"https:\/\/www.andreclaude.fr\/web\/index.php\/wp-json\/wp\/v2\/product_cat?post=6386"},{"taxonomy":"product_tag","embeddable":true,"href":"https:\/\/www.andreclaude.fr\/web\/index.php\/wp-json\/wp\/v2\/product_tag?post=6386"}],"curies":[{"name":"wp","href":"https:\/\/api.w.org\/{rel}","templated":true}]}}