{"id":6382,"date":"2015-12-07T11:41:35","date_gmt":"2015-12-07T10:41:35","guid":{"rendered":"http:\/\/www.andreclaude.fr\/web\/index.php\/produit\/biere-blonde-allemande-les-6\/"},"modified":"2023-08-19T10:42:19","modified_gmt":"2023-08-19T09:42:19","slug":"biere-blonde-allemande-les-6","status":"publish","type":"product","link":"https:\/\/www.andreclaude.fr\/web\/index.php\/produit\/biere-blonde-allemande-les-6\/","title":{"rendered":"Bi\u00e8re blonde Allemande F\u00fcrstenberg les 6 bouteilles"},"content":{"rendered":"","protected":false},"excerpt":{"rendered":"<p>F\u00fcrstenberg Premium Pilsener Bi\u00e8re blonde venant d&rsquo;Allemagne, du pays de Bade pour \u00eatre pr\u00e9cis. Non referment\u00e9e en bouteille, de fermentation basse et de maltage simple.C&rsquo;est d\u00e8s l&rsquo;ann\u00e9e 1886 que notre ma\u00eetre-brasseur parvint \u00e0 fabriquer la premi\u00e8re bi\u00e8re de ce type. Aujourd&rsquo;hui comme hier, F\u00fcrstenberg Premium Lager s\u00e9duit par sa saveur g\u00e9n\u00e9reuse et une amertume d\u00e9cente et agr\u00e9able. Des ingr\u00e9dients de la r\u00e9gion soigneusement s\u00e9lectionn\u00e9s lui conf\u00e8rent une note harmonieuse et ronde en bouche ainsi qu&rsquo;un subtil ar\u00f4me de malt.<\/p>\n<p>Allerg\u00e8nes : sulfites Service Qualit\u00e9<br \/>\nTraces d&rsquo;allerg\u00e8nes : Edition du 31\/08\/18<br \/>\nContre indications : Contre-indiqu\u00e9 aux femmes enceintes.<\/p>\n<p>La consommation de boissons alcoolis\u00e9es pendant la grossesse, m\u00eame en faible quantit\u00e9, peut avoir des cons\u00e9quences graves sur la sant\u00e9 de l\u2019enfant.<\/p>\n<p>L ABUS D ALCOOL EST DANGEREUX POUR LA SANTE. A CONSOMMER AVEC MODERATION.<\/p>\n<p>LA VENTE D ALCOOL EST INTERDITE AUX MINEURS.<\/p>\n<p>Alcool 4.8 %.<\/p>\n<p>F\u00fcrstlich 78166 Donaueschingen Allemagne.<\/p>\n","protected":false},"featured_media":16960,"comment_status":"closed","ping_status":"closed","template":"","meta":[],"product_cat":[194,160],"product_tag":[],"jetpack_publicize_connections":[],"_links":{"self":[{"href":"https:\/\/www.andreclaude.fr\/web\/index.php\/wp-json\/wp\/v2\/product\/6382"}],"collection":[{"href":"https:\/\/www.andreclaude.fr\/web\/index.php\/wp-json\/wp\/v2\/product"}],"about":[{"href":"https:\/\/www.andreclaude.fr\/web\/index.php\/wp-json\/wp\/v2\/types\/product"}],"replies":[{"embeddable":true,"href":"https:\/\/www.andreclaude.fr\/web\/index.php\/wp-json\/wp\/v2\/comments?post=6382"}],"wp:featuredmedia":[{"embeddable":true,"href":"https:\/\/www.andreclaude.fr\/web\/index.php\/wp-json\/wp\/v2\/media\/16960"}],"wp:attachment":[{"href":"https:\/\/www.andreclaude.fr\/web\/index.php\/wp-json\/wp\/v2\/media?parent=6382"}],"wp:term":[{"taxonomy":"product_cat","embeddable":true,"href":"https:\/\/www.andreclaude.fr\/web\/index.php\/wp-json\/wp\/v2\/product_cat?post=6382"},{"taxonomy":"product_tag","embeddable":true,"href":"https:\/\/www.andreclaude.fr\/web\/index.php\/wp-json\/wp\/v2\/product_tag?post=6382"}],"curies":[{"name":"wp","href":"https:\/\/api.w.org\/{rel}","templated":true}]}}