{"id":6350,"date":"2015-12-07T11:41:06","date_gmt":"2015-12-07T10:41:06","guid":{"rendered":"http:\/\/www.andreclaude.fr\/web\/index.php\/produit\/rapee-champignon-emince-barq-250-grs\/"},"modified":"2025-08-21T06:25:15","modified_gmt":"2025-08-21T05:25:15","slug":"rapee-champignon-emince-barq-250-grs","status":"publish","type":"product","link":"https:\/\/www.andreclaude.fr\/web\/index.php\/produit\/rapee-champignon-emince-barq-250-grs\/","title":{"rendered":"Champignon Pologne Cat 1 \u00e9minc\u00e9 la barq 250g"},"content":{"rendered":"","protected":false},"excerpt":{"rendered":"<p>Champignon \u00e9minc\u00e9. L\u00e9gumes \u00e9pluch\u00e9s et coup\u00e9s, pr\u00eats \u00e0 consommer. Conditionn\u00e9 en barquette refermable \u00e0 volont\u00e9 pour garder toute sa saveur.<\/p>\n<p>100% Frais, 100% Pr\u00eat, sans conservateur.<\/p>\n","protected":false},"featured_media":7365,"comment_status":"closed","ping_status":"closed","template":"","meta":[],"product_cat":[194,145],"product_tag":[],"jetpack_publicize_connections":[],"_links":{"self":[{"href":"https:\/\/www.andreclaude.fr\/web\/index.php\/wp-json\/wp\/v2\/product\/6350"}],"collection":[{"href":"https:\/\/www.andreclaude.fr\/web\/index.php\/wp-json\/wp\/v2\/product"}],"about":[{"href":"https:\/\/www.andreclaude.fr\/web\/index.php\/wp-json\/wp\/v2\/types\/product"}],"replies":[{"embeddable":true,"href":"https:\/\/www.andreclaude.fr\/web\/index.php\/wp-json\/wp\/v2\/comments?post=6350"}],"wp:featuredmedia":[{"embeddable":true,"href":"https:\/\/www.andreclaude.fr\/web\/index.php\/wp-json\/wp\/v2\/media\/7365"}],"wp:attachment":[{"href":"https:\/\/www.andreclaude.fr\/web\/index.php\/wp-json\/wp\/v2\/media?parent=6350"}],"wp:term":[{"taxonomy":"product_cat","embeddable":true,"href":"https:\/\/www.andreclaude.fr\/web\/index.php\/wp-json\/wp\/v2\/product_cat?post=6350"},{"taxonomy":"product_tag","embeddable":true,"href":"https:\/\/www.andreclaude.fr\/web\/index.php\/wp-json\/wp\/v2\/product_tag?post=6350"}],"curies":[{"name":"wp","href":"https:\/\/api.w.org\/{rel}","templated":true}]}}