{"id":6348,"date":"2015-12-07T11:41:06","date_gmt":"2015-12-07T10:41:06","guid":{"rendered":"http:\/\/www.andreclaude.fr\/web\/index.php\/produit\/pellehaut-rose-l-ete-gascon-la-bouteille-75-cl\/"},"modified":"2024-12-30T09:29:12","modified_gmt":"2024-12-30T08:29:12","slug":"pellehaut-rose-l-ete-gascon-la-bouteille-75-cl","status":"publish","type":"product","link":"https:\/\/www.andreclaude.fr\/web\/index.php\/produit\/pellehaut-rose-l-ete-gascon-la-bouteille-75-cl\/","title":{"rendered":"Domaine Pellehaut Et\u00e9 Gascond ros\u00e9 75 cl 2023"},"content":{"rendered":"","protected":false},"excerpt":{"rendered":"<p class=\"produit\">53.70 \u20ac le carton de 6 bouteilles soit 8.95 \u20ac la bouteille<\/p>\n<h3 class=\"produit\"><\/h3>\n<h3 class=\"produit\">Avis des professionnels :<\/h3>\n<ul>\n<li>Gilbert et Gaillard 2017 Mill\u00e9sime 2016 : Robe orang\u00e9 p\u00e2le. Nez sur les agrumes oranges, mandarines) et les petits fruits rouges, pr\u00e9sence \u00e9pic\u00e9e florale.<br \/>\nBouche gourmande, avec une sucrosit\u00e9 salivante qui s\\&rsquo;\u00e9quilibre avec la fra\u00eecheur. Un style charmeur, qui plaira au plus grand nombre.<\/li>\n<li>S\u00e9lection coup de c\u0153ur du guide 1001 d\u00e9gustations Le nez acidul\u00e9 \u00e9volue vers les parfums de rose. Onctueux, sur des soup\u00e7ons de bonbons anglais, n\\&rsquo;h\u00e9sitez pas \u00e0 le d\u00e9guster tr\u00e8s frais. Un vin f\u00e9minin construit comme un parfum.<\/li>\n<li><strong>ACCORDS METS-VIN<\/strong>En ap\u00e9ritif, foie gras et dessert.\n<p class=\" text-justify\">Alcool 11 % Contient des sulfites.<\/p>\n<\/li>\n<li>\n<p class=\" text-justify\">La consommation de boissons alcoolis\u00e9es pendant la grossesse, m\u00eame en faible quantit\u00e9, peut avoir des cons\u00e9quences graves sur la sant\u00e9 de l\u2019enfant.L ABUS D ALCOOL EST DANGEREUX POUR LA SANTE. A CONSOMMER AVEC MODERATION.<\/p>\n<p class=\" text-justify\">LA VENTE D ALCOOL EST INTERDITE AUX MINEURS.<\/p>\n<p>Famille B\u00e9raut 32250 Montr\u00e9al Du Gers<\/li>\n<\/ul>\n","protected":false},"featured_media":10941,"comment_status":"closed","ping_status":"closed","template":"","meta":[],"product_cat":[194,162],"product_tag":[],"jetpack_publicize_connections":[],"_links":{"self":[{"href":"https:\/\/www.andreclaude.fr\/web\/index.php\/wp-json\/wp\/v2\/product\/6348"}],"collection":[{"href":"https:\/\/www.andreclaude.fr\/web\/index.php\/wp-json\/wp\/v2\/product"}],"about":[{"href":"https:\/\/www.andreclaude.fr\/web\/index.php\/wp-json\/wp\/v2\/types\/product"}],"replies":[{"embeddable":true,"href":"https:\/\/www.andreclaude.fr\/web\/index.php\/wp-json\/wp\/v2\/comments?post=6348"}],"wp:featuredmedia":[{"embeddable":true,"href":"https:\/\/www.andreclaude.fr\/web\/index.php\/wp-json\/wp\/v2\/media\/10941"}],"wp:attachment":[{"href":"https:\/\/www.andreclaude.fr\/web\/index.php\/wp-json\/wp\/v2\/media?parent=6348"}],"wp:term":[{"taxonomy":"product_cat","embeddable":true,"href":"https:\/\/www.andreclaude.fr\/web\/index.php\/wp-json\/wp\/v2\/product_cat?post=6348"},{"taxonomy":"product_tag","embeddable":true,"href":"https:\/\/www.andreclaude.fr\/web\/index.php\/wp-json\/wp\/v2\/product_tag?post=6348"}],"curies":[{"name":"wp","href":"https:\/\/api.w.org\/{rel}","templated":true}]}}