{"id":6341,"date":"2015-12-07T11:40:40","date_gmt":"2015-12-07T10:40:40","guid":{"rendered":"http:\/\/www.andreclaude.fr\/web\/index.php\/produit\/olive-alibaba-barq-env-350-grs\/"},"modified":"2025-09-19T14:13:21","modified_gmt":"2025-09-19T13:13:21","slug":"olive-alibaba-barq-env-350-grs","status":"publish","type":"product","link":"https:\/\/www.andreclaude.fr\/web\/index.php\/produit\/olive-alibaba-barq-env-350-grs\/","title":{"rendered":"Olive Fantasia Barquette env. 350 grs"},"content":{"rendered":"<p>Distribu\u00e9 par SAISOF<\/p>\n<p>29\/31 Rue des investisseurs<\/p>\n<p>91560 CROSNES<\/p>\n","protected":false},"excerpt":{"rendered":"<p>Olive, poivron, piment, harissa, curcuma.<\/p>\n<p>Conditionn\u00e9 en barquette refermable \u00e0 volont\u00e9 pour garder toute sa saveur.<\/p>\n","protected":false},"featured_media":6342,"comment_status":"closed","ping_status":"closed","template":"","meta":[],"product_cat":[194,152],"product_tag":[],"jetpack_publicize_connections":[],"_links":{"self":[{"href":"https:\/\/www.andreclaude.fr\/web\/index.php\/wp-json\/wp\/v2\/product\/6341"}],"collection":[{"href":"https:\/\/www.andreclaude.fr\/web\/index.php\/wp-json\/wp\/v2\/product"}],"about":[{"href":"https:\/\/www.andreclaude.fr\/web\/index.php\/wp-json\/wp\/v2\/types\/product"}],"replies":[{"embeddable":true,"href":"https:\/\/www.andreclaude.fr\/web\/index.php\/wp-json\/wp\/v2\/comments?post=6341"}],"wp:featuredmedia":[{"embeddable":true,"href":"https:\/\/www.andreclaude.fr\/web\/index.php\/wp-json\/wp\/v2\/media\/6342"}],"wp:attachment":[{"href":"https:\/\/www.andreclaude.fr\/web\/index.php\/wp-json\/wp\/v2\/media?parent=6341"}],"wp:term":[{"taxonomy":"product_cat","embeddable":true,"href":"https:\/\/www.andreclaude.fr\/web\/index.php\/wp-json\/wp\/v2\/product_cat?post=6341"},{"taxonomy":"product_tag","embeddable":true,"href":"https:\/\/www.andreclaude.fr\/web\/index.php\/wp-json\/wp\/v2\/product_tag?post=6341"}],"curies":[{"name":"wp","href":"https:\/\/api.w.org\/{rel}","templated":true}]}}