{"id":6337,"date":"2015-12-07T11:40:40","date_gmt":"2015-12-07T10:40:40","guid":{"rendered":"http:\/\/www.andreclaude.fr\/web\/index.php\/produit\/olive-noire-barq-env-350-grs\/"},"modified":"2022-04-29T07:53:08","modified_gmt":"2022-04-29T06:53:08","slug":"olive-noire-barq-env-350-grs","status":"publish","type":"product","link":"https:\/\/www.andreclaude.fr\/web\/index.php\/produit\/olive-noire-barq-env-350-grs\/","title":{"rendered":"Olive Noire nature barquette env. 350 grs"},"content":{"rendered":"<p>SAISOF<\/p>\n<p>29\/31 Rue des investisseurs<\/p>\n<p>91560 CROSNES<\/p>\n","protected":false},"excerpt":{"rendered":"<p>Olive Noire nature, huile de tournesol.<\/p>\n<p>Conditionn\u00e9 en barquette refermable \u00e0 volont\u00e9 pour garder toute sa saveur.<\/p>\n","protected":false},"featured_media":7751,"comment_status":"closed","ping_status":"closed","template":"","meta":[],"product_cat":[194,152],"product_tag":[],"jetpack_publicize_connections":[],"_links":{"self":[{"href":"https:\/\/www.andreclaude.fr\/web\/index.php\/wp-json\/wp\/v2\/product\/6337"}],"collection":[{"href":"https:\/\/www.andreclaude.fr\/web\/index.php\/wp-json\/wp\/v2\/product"}],"about":[{"href":"https:\/\/www.andreclaude.fr\/web\/index.php\/wp-json\/wp\/v2\/types\/product"}],"replies":[{"embeddable":true,"href":"https:\/\/www.andreclaude.fr\/web\/index.php\/wp-json\/wp\/v2\/comments?post=6337"}],"wp:featuredmedia":[{"embeddable":true,"href":"https:\/\/www.andreclaude.fr\/web\/index.php\/wp-json\/wp\/v2\/media\/7751"}],"wp:attachment":[{"href":"https:\/\/www.andreclaude.fr\/web\/index.php\/wp-json\/wp\/v2\/media?parent=6337"}],"wp:term":[{"taxonomy":"product_cat","embeddable":true,"href":"https:\/\/www.andreclaude.fr\/web\/index.php\/wp-json\/wp\/v2\/product_cat?post=6337"},{"taxonomy":"product_tag","embeddable":true,"href":"https:\/\/www.andreclaude.fr\/web\/index.php\/wp-json\/wp\/v2\/product_tag?post=6337"}],"curies":[{"name":"wp","href":"https:\/\/api.w.org\/{rel}","templated":true}]}}