{"id":6327,"date":"2015-12-07T11:40:29","date_gmt":"2015-12-07T10:40:29","guid":{"rendered":"http:\/\/www.andreclaude.fr\/web\/index.php\/produit\/pomelos-rose-lot-de-3-pieces\/"},"modified":"2026-01-15T16:05:54","modified_gmt":"2026-01-15T15:05:54","slug":"pomelos-promo-rose-lot-de-3-pieces","status":"publish","type":"product","link":"https:\/\/www.andreclaude.fr\/web\/index.php\/produit\/pomelos-promo-rose-lot-de-3-pieces\/","title":{"rendered":"Pomelos Rose Espagne Cat 1 promo les 3 pi\u00e8ces"},"content":{"rendered":"<p>Pomelo ou pamplemousse\u00a0? Proches parents, le pomelo et le pamplemousse sont souvent confondus. Appartenant \u00e0 la m\u00eame famille, le pamplemousse v\u00e9ritable est un fruit \u00e0 peine comestible. Le terme \u00ab\u00a0pamplemousse\u00a0\u00bb, employ\u00e9 \u00e0 tort, s&rsquo;applique au pomelo.<\/p>\n","protected":false},"excerpt":{"rendered":"<p>Conservation:<\/p>\n<p>A temp\u00e9rature ambiante pendant une semaine, attention je risque de s\u00e9cher.<\/p>\n<p>Au r\u00e9frig\u00e9rateur vous pourrez me conserver 3 semaines, sans risque de d\u00e9shydratation ainsi je garde tous mon jus et mes vitamines !!!<\/p>\n","protected":false},"featured_media":7761,"comment_status":"closed","ping_status":"closed","template":"","meta":[],"product_cat":[194,144],"product_tag":[],"jetpack_publicize_connections":[],"_links":{"self":[{"href":"https:\/\/www.andreclaude.fr\/web\/index.php\/wp-json\/wp\/v2\/product\/6327"}],"collection":[{"href":"https:\/\/www.andreclaude.fr\/web\/index.php\/wp-json\/wp\/v2\/product"}],"about":[{"href":"https:\/\/www.andreclaude.fr\/web\/index.php\/wp-json\/wp\/v2\/types\/product"}],"replies":[{"embeddable":true,"href":"https:\/\/www.andreclaude.fr\/web\/index.php\/wp-json\/wp\/v2\/comments?post=6327"}],"wp:featuredmedia":[{"embeddable":true,"href":"https:\/\/www.andreclaude.fr\/web\/index.php\/wp-json\/wp\/v2\/media\/7761"}],"wp:attachment":[{"href":"https:\/\/www.andreclaude.fr\/web\/index.php\/wp-json\/wp\/v2\/media?parent=6327"}],"wp:term":[{"taxonomy":"product_cat","embeddable":true,"href":"https:\/\/www.andreclaude.fr\/web\/index.php\/wp-json\/wp\/v2\/product_cat?post=6327"},{"taxonomy":"product_tag","embeddable":true,"href":"https:\/\/www.andreclaude.fr\/web\/index.php\/wp-json\/wp\/v2\/product_tag?post=6327"}],"curies":[{"name":"wp","href":"https:\/\/api.w.org\/{rel}","templated":true}]}}