{"id":6298,"date":"2015-12-07T11:39:22","date_gmt":"2015-12-07T10:39:22","guid":{"rendered":"http:\/\/www.andreclaude.fr\/web\/index.php\/produit\/the-the-de-noel-la-boite\/"},"modified":"2022-05-10T09:14:02","modified_gmt":"2022-05-10T08:14:02","slug":"the-the-de-noel-la-boite","status":"publish","type":"product","link":"https:\/\/www.andreclaude.fr\/web\/index.php\/produit\/the-the-de-noel-la-boite\/","title":{"rendered":"Th\u00e9 &#8211; th\u00e9 de no\u00ebl la boite de 40 sachets"},"content":{"rendered":"<p>Comptoirs RICHARD<\/p>\n<p>71, Rue Lecourbe<\/p>\n<p>75015 Paris<\/p>\n<p><span class=\"\">Il se d\u00e9guste id\u00e9alement la journ\u00e9e, avec ou sans nuage de lait. Il se compose d&rsquo;un gourmand m\u00e9lange de th\u00e9 noir avec des \u00e9pices, de l\u2019orange douce et de la vanille et agr\u00e9ment\u00e9 de baies roses, de p\u00e9tales de calendula et de fleurs de grenade. Sa liqueur cuivr\u00e9e d\u00e9veloppe une dominante de notes gourmandes douces vanill\u00e9es et zest\u00e9es orange sur un fond bois\u00e9.<br \/>\n<\/span><\/p>\n","protected":false},"excerpt":{"rendered":"<p>Th\u00e9 noir , \u00e9corces d&rsquo;orange, ar\u00f4mes, poivre rose, p\u00e9tales de grenade, p\u00e9tales de souci.<\/p>\n<p>Peut contenir des traces de fruits \u00e0 coque, de lait et de soja.<\/p>\n<p>Temp\u00e9rature : 90 \u00b0C<\/p>\n<p>Temps d\u2019infusion : 4 min<\/p>\n<p>Avec ou sans lait<\/p>\n<p>Moment de la journ\u00e9e : toute la journ\u00e9e<\/p>\n","protected":false},"featured_media":6299,"comment_status":"closed","ping_status":"closed","template":"","meta":[],"product_cat":[194,181],"product_tag":[],"jetpack_publicize_connections":[],"_links":{"self":[{"href":"https:\/\/www.andreclaude.fr\/web\/index.php\/wp-json\/wp\/v2\/product\/6298"}],"collection":[{"href":"https:\/\/www.andreclaude.fr\/web\/index.php\/wp-json\/wp\/v2\/product"}],"about":[{"href":"https:\/\/www.andreclaude.fr\/web\/index.php\/wp-json\/wp\/v2\/types\/product"}],"replies":[{"embeddable":true,"href":"https:\/\/www.andreclaude.fr\/web\/index.php\/wp-json\/wp\/v2\/comments?post=6298"}],"wp:featuredmedia":[{"embeddable":true,"href":"https:\/\/www.andreclaude.fr\/web\/index.php\/wp-json\/wp\/v2\/media\/6299"}],"wp:attachment":[{"href":"https:\/\/www.andreclaude.fr\/web\/index.php\/wp-json\/wp\/v2\/media?parent=6298"}],"wp:term":[{"taxonomy":"product_cat","embeddable":true,"href":"https:\/\/www.andreclaude.fr\/web\/index.php\/wp-json\/wp\/v2\/product_cat?post=6298"},{"taxonomy":"product_tag","embeddable":true,"href":"https:\/\/www.andreclaude.fr\/web\/index.php\/wp-json\/wp\/v2\/product_tag?post=6298"}],"curies":[{"name":"wp","href":"https:\/\/api.w.org\/{rel}","templated":true}]}}