{"id":6291,"date":"2015-12-07T11:39:22","date_gmt":"2015-12-07T10:39:22","guid":{"rendered":"http:\/\/www.andreclaude.fr\/web\/index.php\/produit\/the-lapsung-souchong-la-boite\/"},"modified":"2022-05-10T09:14:29","modified_gmt":"2022-05-10T08:14:29","slug":"the-lapsung-souchong-la-boite","status":"publish","type":"product","link":"https:\/\/www.andreclaude.fr\/web\/index.php\/produit\/the-lapsung-souchong-la-boite\/","title":{"rendered":"Th\u00e9 &#8211; Jardin Fum\u00e9 la boite de 40 sachets"},"content":{"rendered":"<p>Comptoirs RICHARD<\/p>\n<p>71, Rue Lecourbe<\/p>\n<p>75015 Paris<\/p>\n<p><span class=\"\"><span class=\"description\">Il se d\u00e9guste id\u00e9alement la journ\u00e9e et le soir, avec ou sans lait. Grand classique chinois, ce th\u00e9 fum\u00e9 \u00e0 la racine d\u2019\u00e9pic\u00e9a est nomm\u00e9 originellement Zheng Shan Xia Zhong, ce qui a donn\u00e9 par d\u00e9formation phon\u00e9tique anglaise : Lapsang Souchong. Il a \u00e9t\u00e9 ainsi adopt\u00e9 par la Couronne d\u2019Angleterre depuis plusieurs si\u00e8cles.<\/span><\/span><\/p>\n<p>Autour d&rsquo;une liqueur cuivr\u00e9e, ce th\u00e9 noir r\u00e9v\u00e8le des notes bois\u00e9es et fum\u00e9es bien soutenues. Il est id\u00e9al sur un brunch avec des mets sal\u00e9s et \u00e9pic\u00e9s.<\/p>\n","protected":false},"excerpt":{"rendered":"<p>Th\u00e9 noir fum\u00e9 de Chine<\/p>\n<p>Peut contenir des traces de fruits \u00e0 coque, de lait et de soja.<\/p>\n<p>Temp\u00e9rature : 90 \u00b0C<\/p>\n<p>Temps d\u2019infusion : 4 min<\/p>\n<p>Avec ou sans lait<\/p>\n<p>Moment de la journ\u00e9e : toute la journ\u00e9e et le soir<\/p>\n","protected":false},"featured_media":6610,"comment_status":"closed","ping_status":"closed","template":"","meta":[],"product_cat":[194,181],"product_tag":[],"jetpack_publicize_connections":[],"_links":{"self":[{"href":"https:\/\/www.andreclaude.fr\/web\/index.php\/wp-json\/wp\/v2\/product\/6291"}],"collection":[{"href":"https:\/\/www.andreclaude.fr\/web\/index.php\/wp-json\/wp\/v2\/product"}],"about":[{"href":"https:\/\/www.andreclaude.fr\/web\/index.php\/wp-json\/wp\/v2\/types\/product"}],"replies":[{"embeddable":true,"href":"https:\/\/www.andreclaude.fr\/web\/index.php\/wp-json\/wp\/v2\/comments?post=6291"}],"wp:featuredmedia":[{"embeddable":true,"href":"https:\/\/www.andreclaude.fr\/web\/index.php\/wp-json\/wp\/v2\/media\/6610"}],"wp:attachment":[{"href":"https:\/\/www.andreclaude.fr\/web\/index.php\/wp-json\/wp\/v2\/media?parent=6291"}],"wp:term":[{"taxonomy":"product_cat","embeddable":true,"href":"https:\/\/www.andreclaude.fr\/web\/index.php\/wp-json\/wp\/v2\/product_cat?post=6291"},{"taxonomy":"product_tag","embeddable":true,"href":"https:\/\/www.andreclaude.fr\/web\/index.php\/wp-json\/wp\/v2\/product_tag?post=6291"}],"curies":[{"name":"wp","href":"https:\/\/api.w.org\/{rel}","templated":true}]}}