{"id":6287,"date":"2015-12-07T11:39:07","date_gmt":"2015-12-07T10:39:07","guid":{"rendered":"http:\/\/www.andreclaude.fr\/web\/index.php\/produit\/riz-melange-sauvage-les-500-grs\/"},"modified":"2019-01-15T18:34:28","modified_gmt":"2019-01-15T17:34:28","slug":"riz-melange-sauvage-les-500-grs","status":"publish","type":"product","link":"https:\/\/www.andreclaude.fr\/web\/index.php\/produit\/riz-melange-sauvage-les-500-grs\/","title":{"rendered":"Riz m\u00e9lang\u00e9 sauvage Import barq env 400g"},"content":{"rendered":"<p>Utilisation: Se sert avec des plats en sauce, des soupes ou en accompagnement. Pour personnaliser vos pr\u00e9parations aromatisez l&rsquo;eau de cuisson de vos riz selon votre go\u00fbt avec une feuille de laurier, de la cardamome, de la coriandre, du lait de coco, &#8230;. Un trempage pr\u00e9alable de 20 minutes ou l&rsquo;utilisation d&rsquo;un autocuiseur vous aidera \u00e0 r\u00e9duire le temps de cuisson.<\/p>\n","protected":false},"excerpt":{"rendered":"<p>Le \u00ab\u00a0M\u00e9lange sauvage\u00a0\u00bb est un m\u00e9lange de riz sauvage et de riz, pour son go\u00fbt d\u00e9licat et ses valeurs nutritionnelles.<\/p>\n","protected":false},"featured_media":8035,"comment_status":"closed","ping_status":"closed","template":"","meta":[],"product_cat":[194,150],"product_tag":[],"jetpack_publicize_connections":[],"_links":{"self":[{"href":"https:\/\/www.andreclaude.fr\/web\/index.php\/wp-json\/wp\/v2\/product\/6287"}],"collection":[{"href":"https:\/\/www.andreclaude.fr\/web\/index.php\/wp-json\/wp\/v2\/product"}],"about":[{"href":"https:\/\/www.andreclaude.fr\/web\/index.php\/wp-json\/wp\/v2\/types\/product"}],"replies":[{"embeddable":true,"href":"https:\/\/www.andreclaude.fr\/web\/index.php\/wp-json\/wp\/v2\/comments?post=6287"}],"wp:featuredmedia":[{"embeddable":true,"href":"https:\/\/www.andreclaude.fr\/web\/index.php\/wp-json\/wp\/v2\/media\/8035"}],"wp:attachment":[{"href":"https:\/\/www.andreclaude.fr\/web\/index.php\/wp-json\/wp\/v2\/media?parent=6287"}],"wp:term":[{"taxonomy":"product_cat","embeddable":true,"href":"https:\/\/www.andreclaude.fr\/web\/index.php\/wp-json\/wp\/v2\/product_cat?post=6287"},{"taxonomy":"product_tag","embeddable":true,"href":"https:\/\/www.andreclaude.fr\/web\/index.php\/wp-json\/wp\/v2\/product_tag?post=6287"}],"curies":[{"name":"wp","href":"https:\/\/api.w.org\/{rel}","templated":true}]}}