{"id":6279,"date":"2015-12-07T11:39:07","date_gmt":"2015-12-07T10:39:07","guid":{"rendered":"http:\/\/www.andreclaude.fr\/web\/index.php\/produit\/nounours-guimaume-blanc-barq-200-grs-env\/"},"modified":"2024-11-07T11:54:33","modified_gmt":"2024-11-07T10:54:33","slug":"nounours-guimaume-blanc-barq-200-grs-env","status":"publish","type":"product","link":"https:\/\/www.andreclaude.fr\/web\/index.php\/produit\/nounours-guimaume-blanc-barq-200-grs-env\/","title":{"rendered":"Oursons chocolat blanc barq. 200g env."},"content":{"rendered":"<p>Distribu\u00e9 par<\/p>\n<p>AGIDRA<\/p>\n<p>BP 156<\/p>\n<p>69801 SAINT PRIEST<\/p>\n","protected":false},"excerpt":{"rendered":"<p>Parmi tous les bonbons et toutes les confiseries au monde, la guimauve est certainement la friandise la plus douce et la plus r\u00e9confortante<\/p>\n<p>Ingr\u00e9dients : sirop de glucose-fructose, chocolat blanc 30% (sucre, beurre de cacao, <strong>lait<\/strong> entier en poudre, \u00e9mulsifiant : <strong>lecithine de soja<\/strong>, ar\u00f4me), sucre, eau, g\u00e9latine, ar\u00f4me.<\/p>\n<p>Mati\u00e8res grasses :10,5 g<br \/>\ndont AG satur\u00e9s : 6,5 g<br \/>\nProt\u00e9ines 3,7 g<br \/>\nGlucides : 74,5 g<br \/>\n&#8211; dont sucres : 57,9 g<br \/>\nSel : 0,08 g<\/p>\n","protected":false},"featured_media":7348,"comment_status":"closed","ping_status":"closed","template":"","meta":[],"product_cat":[194,176],"product_tag":[],"jetpack_publicize_connections":[],"_links":{"self":[{"href":"https:\/\/www.andreclaude.fr\/web\/index.php\/wp-json\/wp\/v2\/product\/6279"}],"collection":[{"href":"https:\/\/www.andreclaude.fr\/web\/index.php\/wp-json\/wp\/v2\/product"}],"about":[{"href":"https:\/\/www.andreclaude.fr\/web\/index.php\/wp-json\/wp\/v2\/types\/product"}],"replies":[{"embeddable":true,"href":"https:\/\/www.andreclaude.fr\/web\/index.php\/wp-json\/wp\/v2\/comments?post=6279"}],"wp:featuredmedia":[{"embeddable":true,"href":"https:\/\/www.andreclaude.fr\/web\/index.php\/wp-json\/wp\/v2\/media\/7348"}],"wp:attachment":[{"href":"https:\/\/www.andreclaude.fr\/web\/index.php\/wp-json\/wp\/v2\/media?parent=6279"}],"wp:term":[{"taxonomy":"product_cat","embeddable":true,"href":"https:\/\/www.andreclaude.fr\/web\/index.php\/wp-json\/wp\/v2\/product_cat?post=6279"},{"taxonomy":"product_tag","embeddable":true,"href":"https:\/\/www.andreclaude.fr\/web\/index.php\/wp-json\/wp\/v2\/product_tag?post=6279"}],"curies":[{"name":"wp","href":"https:\/\/api.w.org\/{rel}","templated":true}]}}