{"id":6233,"date":"2015-12-07T11:38:31","date_gmt":"2015-12-07T10:38:31","guid":{"rendered":"http:\/\/www.andreclaude.fr\/web\/index.php\/produit\/b-gressins-huile-dolive\/"},"modified":"2022-01-28T09:09:04","modified_gmt":"2022-01-28T08:09:04","slug":"b-gressins-huile-dolive","status":"publish","type":"product","link":"https:\/\/www.andreclaude.fr\/web\/index.php\/produit\/b-gressins-huile-dolive\/","title":{"rendered":"Gressins aux olives le sachet de 200g"},"content":{"rendered":"<p>Distribu\u00e9 par<\/p>\n<p>DISTRAZUR<\/p>\n<p><span class=\"LrzXr\">ZI des plaines,<\/span><\/p>\n<p><span class=\"LrzXr\"> 80 chemins des buis,<\/span><\/p>\n<p><span class=\"LrzXr\"> 26780 Malataverne<\/span><\/p>\n","protected":false},"excerpt":{"rendered":"<p>Les gressins se d\u00e9gustent tout simplement \u00e0 table, pour accompagner le repas ou pour remplacer le pain. Ils sont \u00e9galement appr\u00e9ci\u00e9s en ap\u00e9ritif.<\/p>\n<p>Ingr\u00e9dients :<\/p>\n<p>Farine de <strong>froment<\/strong> 84%, olives noires (E579) 5%, huile de palme 4%, huile d&rsquo;olive vierge 2%, sel 2%,\u00a0 levure de bi\u00e8re 2%, farine de <strong>bl\u00e9<\/strong> au malt 1%<\/p>\n<p>Valeurs nutritionnelles moyennes pour 100 g<\/p>\n<p>Energie : 1688kj &#8211; 400kcal<\/p>\n<p>Mati\u00e8res grasses : 9.9g dont acides gras satur\u00e9s 4g<\/p>\n<p>Glucides : 65g dont sucres 2.2g<\/p>\n<p>Prot\u00e9ines : 11.4g<\/p>\n<p>Fibres alimentaires : 3g<\/p>\n<p>Sel 2.75g<\/p>\n<p>&nbsp;<\/p>\n<p>&nbsp;<\/p>\n","protected":false},"featured_media":7946,"comment_status":"closed","ping_status":"closed","template":"","meta":[],"product_cat":[194,183],"product_tag":[],"jetpack_publicize_connections":[],"_links":{"self":[{"href":"https:\/\/www.andreclaude.fr\/web\/index.php\/wp-json\/wp\/v2\/product\/6233"}],"collection":[{"href":"https:\/\/www.andreclaude.fr\/web\/index.php\/wp-json\/wp\/v2\/product"}],"about":[{"href":"https:\/\/www.andreclaude.fr\/web\/index.php\/wp-json\/wp\/v2\/types\/product"}],"replies":[{"embeddable":true,"href":"https:\/\/www.andreclaude.fr\/web\/index.php\/wp-json\/wp\/v2\/comments?post=6233"}],"wp:featuredmedia":[{"embeddable":true,"href":"https:\/\/www.andreclaude.fr\/web\/index.php\/wp-json\/wp\/v2\/media\/7946"}],"wp:attachment":[{"href":"https:\/\/www.andreclaude.fr\/web\/index.php\/wp-json\/wp\/v2\/media?parent=6233"}],"wp:term":[{"taxonomy":"product_cat","embeddable":true,"href":"https:\/\/www.andreclaude.fr\/web\/index.php\/wp-json\/wp\/v2\/product_cat?post=6233"},{"taxonomy":"product_tag","embeddable":true,"href":"https:\/\/www.andreclaude.fr\/web\/index.php\/wp-json\/wp\/v2\/product_tag?post=6233"}],"curies":[{"name":"wp","href":"https:\/\/api.w.org\/{rel}","templated":true}]}}