{"id":6216,"date":"2015-12-07T11:38:25","date_gmt":"2015-12-07T10:38:25","guid":{"rendered":"http:\/\/www.andreclaude.fr\/web\/index.php\/produit\/gaufrette-vanille\/"},"modified":"2024-03-15T16:50:01","modified_gmt":"2024-03-15T15:50:01","slug":"gaufrette-vanille","status":"publish","type":"product","link":"https:\/\/www.andreclaude.fr\/web\/index.php\/produit\/gaufrette-vanille\/","title":{"rendered":"Gaufrette \u00e0 la vanille le paquet 175g"},"content":{"rendered":"<p>Biscuiterie Eug\u00e8ne BLOND<\/p>\n<p>159 Rue de Verlinghem<\/p>\n<p>59130 Lambersart France<\/p>\n","protected":false},"excerpt":{"rendered":"<p>Contenance : 0 cl<br \/>\nPoids net : 175 g<br \/>\nPoids net \u00e9goutt\u00e9 : 0 g<\/p>\n<p>CARACTERISTIQUES PRODUIT<br \/>\nIngr\u00e9dients : Sucre, farine de bl\u00e9, mati\u00e8res grasses v\u00e9g\u00e9tales non hydrog\u00e9n\u00e9es, ar\u00f4mes, colorant : b\u00e9t\u00e0carot\u00e8ne, sel, \u00e9mulsifiant : l\u00e9cithine de soja (sans O.G.M), poudre \u00e0 lever : carbonate de magn\u00e9sie<\/p>\n<p>Allerg\u00e8nes :<br \/>\nTraces d&rsquo;allerg\u00e8nes possibles :<br \/>\nAllerg\u00e8nes pr\u00e9sents dans l&rsquo;atelier :<\/p>\n<p>Valeurs nutritionnelles pour 100 g de produit \u00e9goutt\u00e9<\/p>\n<p>Energie 2224 kJ \/ 531 kcal<br \/>\nMati\u00e8res grasses 0 g<br \/>\ndont acides gras satur\u00e9s 0 g<br \/>\nGlucides 67,2 g<br \/>\nDont Sucres 0 g<br \/>\nFibres alimentaires 0 g<br \/>\nProt\u00e9ines 0 g<br \/>\nSel 0 g<\/p>\n<p>Mode d&#8217;emploi :<br \/>\nRecommandations :<br \/>\nContre indications :<br \/>\nStockage avant emploi : sachet ferm\u00e9, au sec \u00e0 temp\u00e9rature ambiante<\/p>\n<p>Stockage apr\u00e8s ouverture : sachet ferm\u00e9, au sec \u00e0 temp\u00e9rature ambiante<\/p>\n<p>DLUO \u00e0 fabrication :<br \/>\nDLUO garantie : 0 jour(s)<\/p>\n<p>Origine : FRANCE<br \/>\nLieu de fabrication : 59130 LAMBERSART<\/p>\n","protected":false},"featured_media":7233,"comment_status":"closed","ping_status":"closed","template":"","meta":[],"product_cat":[194,170],"product_tag":[],"jetpack_publicize_connections":[],"_links":{"self":[{"href":"https:\/\/www.andreclaude.fr\/web\/index.php\/wp-json\/wp\/v2\/product\/6216"}],"collection":[{"href":"https:\/\/www.andreclaude.fr\/web\/index.php\/wp-json\/wp\/v2\/product"}],"about":[{"href":"https:\/\/www.andreclaude.fr\/web\/index.php\/wp-json\/wp\/v2\/types\/product"}],"replies":[{"embeddable":true,"href":"https:\/\/www.andreclaude.fr\/web\/index.php\/wp-json\/wp\/v2\/comments?post=6216"}],"wp:featuredmedia":[{"embeddable":true,"href":"https:\/\/www.andreclaude.fr\/web\/index.php\/wp-json\/wp\/v2\/media\/7233"}],"wp:attachment":[{"href":"https:\/\/www.andreclaude.fr\/web\/index.php\/wp-json\/wp\/v2\/media?parent=6216"}],"wp:term":[{"taxonomy":"product_cat","embeddable":true,"href":"https:\/\/www.andreclaude.fr\/web\/index.php\/wp-json\/wp\/v2\/product_cat?post=6216"},{"taxonomy":"product_tag","embeddable":true,"href":"https:\/\/www.andreclaude.fr\/web\/index.php\/wp-json\/wp\/v2\/product_tag?post=6216"}],"curies":[{"name":"wp","href":"https:\/\/api.w.org\/{rel}","templated":true}]}}