{"id":6203,"date":"2015-12-07T11:38:20","date_gmt":"2015-12-07T10:38:20","guid":{"rendered":"http:\/\/www.andreclaude.fr\/web\/index.php\/produit\/nounours-guimauve-au-lait-barq-200-grs-env\/"},"modified":"2024-11-07T11:54:41","modified_gmt":"2024-11-07T10:54:41","slug":"nounours-guimauve-au-lait-barq-200-grs-env","status":"publish","type":"product","link":"https:\/\/www.andreclaude.fr\/web\/index.php\/produit\/nounours-guimauve-au-lait-barq-200-grs-env\/","title":{"rendered":"Oursons chocolat au lait barq. 200g env."},"content":{"rendered":"<p>Distribu\u00e9 par<\/p>\n<p>AGIDRA<\/p>\n<p>BP 156<\/p>\n<p>69801 SAINT PRIEST<\/p>\n","protected":false},"excerpt":{"rendered":"<p>Parmi tous les bonbons et toutes les confiseries au monde, la guimauve est certainement la friandise la plus douce et la plus r\u00e9confortante.<\/p>\n<p>Ingr\u00e9dients : sirop de glucose-fructose, chocolat au lait 30% (sucre, beurre de cacao, p\u00e2te de cacao, lait entier en poudre, \u00e9mulsifiant : lecithine de soja, ar\u00f4me naturel vanille), sucre, eau, g\u00e9latine, ar\u00f4me.<\/p>\n<p>Mati\u00e8res grasses :10.5 g<br \/>\ndont AG satur\u00e9s : 6,5 g<br \/>\nProt\u00e9ines :3.7 g<br \/>\nGlucides: 73.8 g<br \/>\n&#8211; dont sucres : 56.4 g<br \/>\nFibres : 0.8 g<br \/>\nSel : 0,06 g<\/p>\n","protected":false},"featured_media":7348,"comment_status":"closed","ping_status":"closed","template":"","meta":[],"product_cat":[194,176],"product_tag":[],"jetpack_publicize_connections":[],"_links":{"self":[{"href":"https:\/\/www.andreclaude.fr\/web\/index.php\/wp-json\/wp\/v2\/product\/6203"}],"collection":[{"href":"https:\/\/www.andreclaude.fr\/web\/index.php\/wp-json\/wp\/v2\/product"}],"about":[{"href":"https:\/\/www.andreclaude.fr\/web\/index.php\/wp-json\/wp\/v2\/types\/product"}],"replies":[{"embeddable":true,"href":"https:\/\/www.andreclaude.fr\/web\/index.php\/wp-json\/wp\/v2\/comments?post=6203"}],"wp:featuredmedia":[{"embeddable":true,"href":"https:\/\/www.andreclaude.fr\/web\/index.php\/wp-json\/wp\/v2\/media\/7348"}],"wp:attachment":[{"href":"https:\/\/www.andreclaude.fr\/web\/index.php\/wp-json\/wp\/v2\/media?parent=6203"}],"wp:term":[{"taxonomy":"product_cat","embeddable":true,"href":"https:\/\/www.andreclaude.fr\/web\/index.php\/wp-json\/wp\/v2\/product_cat?post=6203"},{"taxonomy":"product_tag","embeddable":true,"href":"https:\/\/www.andreclaude.fr\/web\/index.php\/wp-json\/wp\/v2\/product_tag?post=6203"}],"curies":[{"name":"wp","href":"https:\/\/api.w.org\/{rel}","templated":true}]}}