{"id":6189,"date":"2015-12-07T11:38:08","date_gmt":"2015-12-07T10:38:08","guid":{"rendered":"http:\/\/www.andreclaude.fr\/web\/index.php\/produit\/the-breakfast-la-boite\/"},"modified":"2022-05-10T09:14:42","modified_gmt":"2022-05-10T08:14:42","slug":"the-breakfast-la-boite","status":"publish","type":"product","link":"https:\/\/www.andreclaude.fr\/web\/index.php\/produit\/the-breakfast-la-boite\/","title":{"rendered":"Th\u00e9 &#8211; breakfast la boite de 40 sachets"},"content":{"rendered":"<p>Comptoirs RICHARD<\/p>\n<p>71, Rue Lecourbe<\/p>\n<p>75015 Paris<\/p>\n<p><span class=\"\"><span class=\"description\">Il se d\u00e9guste id\u00e9alement le matin et en journ\u00e9e, avec ou sans lait. Cet assemblage maison de crus de Ceylan en feuilles bris\u00e9es r\u00e9v\u00e8le une liqueur cuivr\u00e9e fonc\u00e9e aux notes bois\u00e9es, cors\u00e9es avec une belle charpente.<br \/>\n<\/span><\/span><\/p>\n","protected":false},"excerpt":{"rendered":"<p>Th\u00e9 noir de Sri Lanka<\/p>\n<p>Peut contenir des traces de fruits\u00a0 \u00e0 coque, de lait et de soja.<\/p>\n<p>Temp\u00e9rature : 90 \u00b0C<\/p>\n<p>Temps d\u2019infusion : 4 min<\/p>\n<p>Avec ou sans lait<\/p>\n<p>Moment de la journ\u00e9e : matin et journ\u00e9e<\/p>\n","protected":false},"featured_media":7548,"comment_status":"closed","ping_status":"closed","template":"","meta":[],"product_cat":[194,181],"product_tag":[],"jetpack_publicize_connections":[],"_links":{"self":[{"href":"https:\/\/www.andreclaude.fr\/web\/index.php\/wp-json\/wp\/v2\/product\/6189"}],"collection":[{"href":"https:\/\/www.andreclaude.fr\/web\/index.php\/wp-json\/wp\/v2\/product"}],"about":[{"href":"https:\/\/www.andreclaude.fr\/web\/index.php\/wp-json\/wp\/v2\/types\/product"}],"replies":[{"embeddable":true,"href":"https:\/\/www.andreclaude.fr\/web\/index.php\/wp-json\/wp\/v2\/comments?post=6189"}],"wp:featuredmedia":[{"embeddable":true,"href":"https:\/\/www.andreclaude.fr\/web\/index.php\/wp-json\/wp\/v2\/media\/7548"}],"wp:attachment":[{"href":"https:\/\/www.andreclaude.fr\/web\/index.php\/wp-json\/wp\/v2\/media?parent=6189"}],"wp:term":[{"taxonomy":"product_cat","embeddable":true,"href":"https:\/\/www.andreclaude.fr\/web\/index.php\/wp-json\/wp\/v2\/product_cat?post=6189"},{"taxonomy":"product_tag","embeddable":true,"href":"https:\/\/www.andreclaude.fr\/web\/index.php\/wp-json\/wp\/v2\/product_tag?post=6189"}],"curies":[{"name":"wp","href":"https:\/\/api.w.org\/{rel}","templated":true}]}}