{"id":6186,"date":"2015-12-07T11:38:08","date_gmt":"2015-12-07T10:38:08","guid":{"rendered":"http:\/\/www.andreclaude.fr\/web\/index.php\/produit\/the-fruits-rouges-la-boite\/"},"modified":"2022-05-10T09:14:53","modified_gmt":"2022-05-10T08:14:53","slug":"the-fruits-rouges-la-boite","status":"publish","type":"product","link":"https:\/\/www.andreclaude.fr\/web\/index.php\/produit\/the-fruits-rouges-la-boite\/","title":{"rendered":"Th\u00e9 &#8211; fruits rouges la boite de 40 sachets"},"content":{"rendered":"<p>Comptoirs RICHARD<\/p>\n<p>71, Rue Lecourbe<\/p>\n<p>75015 Paris<\/p>\n<p><span class=\"\"><span class=\"description\">Il se d\u00e9guste id\u00e9alement la journ\u00e9e, avec ou sans lait.Il se compose de th\u00e9 noir parfum\u00e9 aux fruits rouges avec des feuilles de m\u00fbrier. Sa liqueur ambr\u00e9e d\u00e9veloppe des notes fruit\u00e9es presque caram\u00e9lis\u00e9es gourmandes sur un fond bois\u00e9.<\/span><\/span><\/p>\n","protected":false},"excerpt":{"rendered":"<p>Th\u00e9 noir , ar\u00f4mes (fruits rouges, framboise), morceaux de fraise 2%, feuilles de m\u00fbrier 2%<\/p>\n<p>Peut contenir des traces de fruits \u00e0 coque, de lait et de soja.<\/p>\n<p>Temp\u00e9rature : 90 \u00b0C<\/p>\n<p>Temps d\u2019infusion : 4 min<\/p>\n<p>Avec ou sans lait<\/p>\n<p>Moment de la journ\u00e9e : toute la journ\u00e9e<\/p>\n","protected":false},"featured_media":6187,"comment_status":"closed","ping_status":"closed","template":"","meta":[],"product_cat":[194,181],"product_tag":[],"jetpack_publicize_connections":[],"_links":{"self":[{"href":"https:\/\/www.andreclaude.fr\/web\/index.php\/wp-json\/wp\/v2\/product\/6186"}],"collection":[{"href":"https:\/\/www.andreclaude.fr\/web\/index.php\/wp-json\/wp\/v2\/product"}],"about":[{"href":"https:\/\/www.andreclaude.fr\/web\/index.php\/wp-json\/wp\/v2\/types\/product"}],"replies":[{"embeddable":true,"href":"https:\/\/www.andreclaude.fr\/web\/index.php\/wp-json\/wp\/v2\/comments?post=6186"}],"wp:featuredmedia":[{"embeddable":true,"href":"https:\/\/www.andreclaude.fr\/web\/index.php\/wp-json\/wp\/v2\/media\/6187"}],"wp:attachment":[{"href":"https:\/\/www.andreclaude.fr\/web\/index.php\/wp-json\/wp\/v2\/media?parent=6186"}],"wp:term":[{"taxonomy":"product_cat","embeddable":true,"href":"https:\/\/www.andreclaude.fr\/web\/index.php\/wp-json\/wp\/v2\/product_cat?post=6186"},{"taxonomy":"product_tag","embeddable":true,"href":"https:\/\/www.andreclaude.fr\/web\/index.php\/wp-json\/wp\/v2\/product_tag?post=6186"}],"curies":[{"name":"wp","href":"https:\/\/api.w.org\/{rel}","templated":true}]}}