{"id":6185,"date":"2015-12-07T11:38:08","date_gmt":"2015-12-07T10:38:08","guid":{"rendered":"http:\/\/www.andreclaude.fr\/web\/index.php\/produit\/the-vanille-caramel-la-boite\/"},"modified":"2022-05-10T09:15:00","modified_gmt":"2022-05-10T08:15:00","slug":"the-vanille-caramel-la-boite","status":"publish","type":"product","link":"https:\/\/www.andreclaude.fr\/web\/index.php\/produit\/the-vanille-caramel-la-boite\/","title":{"rendered":"Th\u00e9 &#8211; vanille caramel la boite de 40 sachets"},"content":{"rendered":"<p>Comptoirs RICHARD<\/p>\n<p>71, Rue Lecourbe<\/p>\n<p>75015 Paris<\/p>\n<p><span class=\"\"><span class=\"description\">Il se d\u00e9guste id\u00e9alement la journ\u00e9e, avec ou sans nuage de lait. Il se compose d&rsquo;un m\u00e9lange de th\u00e9s noirs aromatis\u00e9s au caramel fudge et \u00e0 la vanille avec des morceaux de caramel. Sa liqueur cuivr\u00e9e r\u00e9v\u00e8le des notes douces vanill\u00e9es et gourmandes lact\u00e9es caram\u00e9lis\u00e9es.<br \/>\n<\/span><\/span><\/p>\n","protected":false},"excerpt":{"rendered":"<p>Th\u00e9 noir parfum\u00e9 ar\u00f4mes (vanille, caramel) morceaux de vanille 2.8%<\/p>\n<p>Peut contenir des traces de fruits \u00e0 coque, de lait et de soja.<\/p>\n<p>Temp\u00e9rature : 90 \u00b0C<\/p>\n<p>Temps d\u2019infusion : 4 min<\/p>\n<p>Avec ou sans lait<\/p>\n<p>Moment de la journ\u00e9e : toute la journ\u00e9e<\/p>\n","protected":false},"featured_media":8113,"comment_status":"closed","ping_status":"closed","template":"","meta":[],"product_cat":[194,181],"product_tag":[],"jetpack_publicize_connections":[],"_links":{"self":[{"href":"https:\/\/www.andreclaude.fr\/web\/index.php\/wp-json\/wp\/v2\/product\/6185"}],"collection":[{"href":"https:\/\/www.andreclaude.fr\/web\/index.php\/wp-json\/wp\/v2\/product"}],"about":[{"href":"https:\/\/www.andreclaude.fr\/web\/index.php\/wp-json\/wp\/v2\/types\/product"}],"replies":[{"embeddable":true,"href":"https:\/\/www.andreclaude.fr\/web\/index.php\/wp-json\/wp\/v2\/comments?post=6185"}],"wp:featuredmedia":[{"embeddable":true,"href":"https:\/\/www.andreclaude.fr\/web\/index.php\/wp-json\/wp\/v2\/media\/8113"}],"wp:attachment":[{"href":"https:\/\/www.andreclaude.fr\/web\/index.php\/wp-json\/wp\/v2\/media?parent=6185"}],"wp:term":[{"taxonomy":"product_cat","embeddable":true,"href":"https:\/\/www.andreclaude.fr\/web\/index.php\/wp-json\/wp\/v2\/product_cat?post=6185"},{"taxonomy":"product_tag","embeddable":true,"href":"https:\/\/www.andreclaude.fr\/web\/index.php\/wp-json\/wp\/v2\/product_tag?post=6185"}],"curies":[{"name":"wp","href":"https:\/\/api.w.org\/{rel}","templated":true}]}}