{"id":6183,"date":"2015-12-07T11:38:08","date_gmt":"2015-12-07T10:38:08","guid":{"rendered":"http:\/\/www.andreclaude.fr\/web\/index.php\/produit\/the-the-vert-sencha-la-boite\/"},"modified":"2022-05-10T09:15:08","modified_gmt":"2022-05-10T08:15:08","slug":"the-the-vert-sencha-la-boite","status":"publish","type":"product","link":"https:\/\/www.andreclaude.fr\/web\/index.php\/produit\/the-the-vert-sencha-la-boite\/","title":{"rendered":"Th\u00e9 &#8211; th\u00e9 vert Sencha la boite de 40 sachets"},"content":{"rendered":"<p>Comptoirs RICHARD<\/p>\n<p>71, Rue Lecourbe<\/p>\n<p>75015 Paris<\/p>\n<p><span class=\"\">Il se d\u00e9guste id\u00e9alement la journ\u00e9e sans lait. Son aspect est celui d&rsquo;une feuille aplatie de couleur verte jaune. Sa liqueur jaune citron typ\u00e9e sencha r\u00e9v\u00e8le des notes acidul\u00e9es v\u00e9g\u00e9tales et marines plus douces que le sencha du Japon.<\/span><\/p>\n<p>Il est aussi bon chaud que froid.<\/p>\n","protected":false},"excerpt":{"rendered":"<p>Th\u00e9 vert de Chine<\/p>\n<p>Peut contenir des traces de fruits \u00e0 coque, de lait et de soja.<\/p>\n<p>Temp\u00e9rature : 80 \u00b0C<\/p>\n<p>Temps d\u2019infusion : 3 min<\/p>\n<p>Sans lait<\/p>\n<p>Moment de la journ\u00e9e : toute la journ\u00e9e<\/p>\n","protected":false},"featured_media":6184,"comment_status":"closed","ping_status":"closed","template":"","meta":[],"product_cat":[194,181],"product_tag":[],"jetpack_publicize_connections":[],"_links":{"self":[{"href":"https:\/\/www.andreclaude.fr\/web\/index.php\/wp-json\/wp\/v2\/product\/6183"}],"collection":[{"href":"https:\/\/www.andreclaude.fr\/web\/index.php\/wp-json\/wp\/v2\/product"}],"about":[{"href":"https:\/\/www.andreclaude.fr\/web\/index.php\/wp-json\/wp\/v2\/types\/product"}],"replies":[{"embeddable":true,"href":"https:\/\/www.andreclaude.fr\/web\/index.php\/wp-json\/wp\/v2\/comments?post=6183"}],"wp:featuredmedia":[{"embeddable":true,"href":"https:\/\/www.andreclaude.fr\/web\/index.php\/wp-json\/wp\/v2\/media\/6184"}],"wp:attachment":[{"href":"https:\/\/www.andreclaude.fr\/web\/index.php\/wp-json\/wp\/v2\/media?parent=6183"}],"wp:term":[{"taxonomy":"product_cat","embeddable":true,"href":"https:\/\/www.andreclaude.fr\/web\/index.php\/wp-json\/wp\/v2\/product_cat?post=6183"},{"taxonomy":"product_tag","embeddable":true,"href":"https:\/\/www.andreclaude.fr\/web\/index.php\/wp-json\/wp\/v2\/product_tag?post=6183"}],"curies":[{"name":"wp","href":"https:\/\/api.w.org\/{rel}","templated":true}]}}