{"id":6177,"date":"2015-12-07T11:37:58","date_gmt":"2015-12-07T10:37:58","guid":{"rendered":"http:\/\/www.andreclaude.fr\/web\/index.php\/produit\/the-the-vert-au-jasmin-la-boite\/"},"modified":"2022-05-10T09:15:21","modified_gmt":"2022-05-10T08:15:21","slug":"the-the-vert-au-jasmin-la-boite","status":"publish","type":"product","link":"https:\/\/www.andreclaude.fr\/web\/index.php\/produit\/the-the-vert-au-jasmin-la-boite\/","title":{"rendered":"Th\u00e9 &#8211; th\u00e9 vert au jasmin la boite de 40 sachets"},"content":{"rendered":"<p>Comptoirs RICHARD<\/p>\n<p>71, Rue Lecourbe<\/p>\n<p>75015 Paris<\/p>\n<p><span class=\"short-description\"><span class=\"description\">Il se d\u00e9guste id\u00e9alement la journ\u00e9e et le soir, sans lait. Ce th\u00e9 r\u00e9unit de petites feuilles torsad\u00e9es de couleur verte p\u00e2le et des p\u00e9tales de jasmin. Sa liqueur claire jaune paille r\u00e9v\u00e8le des notes v\u00e9g\u00e9tales et fleuries avec une l\u00e9g\u00e8re astringence.<\/span><\/span><\/p>\n<p>Il s&rsquo;accorde parfaitement avec des plats chinois, tha\u00ef ou vietnamiens.<\/p>\n","protected":false},"excerpt":{"rendered":"<p>Th\u00e9 Vert , fleurs de jasmin 5%<\/p>\n<p>Peut contenir des traces de fruits \u00e0 coque, de lait et de soja.<\/p>\n<p>Temp\u00e9rature : 80 \u00b0C<\/p>\n<p>Temps d\u2019infusion : 3 min<\/p>\n<p>Sans lait<\/p>\n<p>Moment de la journ\u00e9e : toute la journ\u00e9e et le soir<\/p>\n","protected":false},"featured_media":6178,"comment_status":"closed","ping_status":"closed","template":"","meta":[],"product_cat":[194,181],"product_tag":[],"jetpack_publicize_connections":[],"_links":{"self":[{"href":"https:\/\/www.andreclaude.fr\/web\/index.php\/wp-json\/wp\/v2\/product\/6177"}],"collection":[{"href":"https:\/\/www.andreclaude.fr\/web\/index.php\/wp-json\/wp\/v2\/product"}],"about":[{"href":"https:\/\/www.andreclaude.fr\/web\/index.php\/wp-json\/wp\/v2\/types\/product"}],"replies":[{"embeddable":true,"href":"https:\/\/www.andreclaude.fr\/web\/index.php\/wp-json\/wp\/v2\/comments?post=6177"}],"wp:featuredmedia":[{"embeddable":true,"href":"https:\/\/www.andreclaude.fr\/web\/index.php\/wp-json\/wp\/v2\/media\/6178"}],"wp:attachment":[{"href":"https:\/\/www.andreclaude.fr\/web\/index.php\/wp-json\/wp\/v2\/media?parent=6177"}],"wp:term":[{"taxonomy":"product_cat","embeddable":true,"href":"https:\/\/www.andreclaude.fr\/web\/index.php\/wp-json\/wp\/v2\/product_cat?post=6177"},{"taxonomy":"product_tag","embeddable":true,"href":"https:\/\/www.andreclaude.fr\/web\/index.php\/wp-json\/wp\/v2\/product_tag?post=6177"}],"curies":[{"name":"wp","href":"https:\/\/api.w.org\/{rel}","templated":true}]}}