{"id":6174,"date":"2015-12-07T11:37:58","date_gmt":"2015-12-07T10:37:58","guid":{"rendered":"http:\/\/www.andreclaude.fr\/web\/index.php\/produit\/tablette-de-chocolat-amandes-et-miel\/"},"modified":"2022-01-22T10:16:36","modified_gmt":"2022-01-22T09:16:36","slug":"tablette-de-chocolat-amandes-et-miel","status":"publish","type":"product","link":"https:\/\/www.andreclaude.fr\/web\/index.php\/produit\/tablette-de-chocolat-amandes-et-miel\/","title":{"rendered":"Tablette de chocolat lait caramel 100g"},"content":{"rendered":"<p>Fabriqu\u00e9 en Belgique<\/p>\n<p>Kil&rsquo;s Chocolates NV<\/p>\n<p>Gripenlaan 11<\/p>\n<p>3300 Tienen<\/p>\n","protected":false},"excerpt":{"rendered":"<p>Sucre, beurre de cacao, lait entier en poudre, p\u00e2te de cacao, amandes<br \/>\n7.00%, eclats de miel (miel, amidon de ma\u00efs, sucre) 3.00%, \u00e9mulsifiant<br \/>\n[l\u00e9cithine de soja], ar\u00f4me naturel, ar\u00f4me naturel de vanille.<\/p>\n<p>Energie (kJ) 2240 kJ<br \/>\nEnergie (kcal) 581 kcal<br \/>\nLipides 32.8 g<br \/>\nAcides gras satur\u00e9s 17.6 g<br \/>\nAcides gras mono insatur\u00e9s 11.6 g<br \/>\nAcides gras poly insatur\u00e9s 2.0 g<br \/>\nGlucides 53.1 g<br \/>\nSucres 50.9 g<br \/>\nFibres alimentaires 3.3 g<br \/>\nProt\u00e9ines 7.1 g<br \/>\nSel 0.14 g<\/p>\n","protected":false},"featured_media":6684,"comment_status":"closed","ping_status":"closed","template":"","meta":[],"product_cat":[194,170],"product_tag":[],"jetpack_publicize_connections":[],"_links":{"self":[{"href":"https:\/\/www.andreclaude.fr\/web\/index.php\/wp-json\/wp\/v2\/product\/6174"}],"collection":[{"href":"https:\/\/www.andreclaude.fr\/web\/index.php\/wp-json\/wp\/v2\/product"}],"about":[{"href":"https:\/\/www.andreclaude.fr\/web\/index.php\/wp-json\/wp\/v2\/types\/product"}],"replies":[{"embeddable":true,"href":"https:\/\/www.andreclaude.fr\/web\/index.php\/wp-json\/wp\/v2\/comments?post=6174"}],"wp:featuredmedia":[{"embeddable":true,"href":"https:\/\/www.andreclaude.fr\/web\/index.php\/wp-json\/wp\/v2\/media\/6684"}],"wp:attachment":[{"href":"https:\/\/www.andreclaude.fr\/web\/index.php\/wp-json\/wp\/v2\/media?parent=6174"}],"wp:term":[{"taxonomy":"product_cat","embeddable":true,"href":"https:\/\/www.andreclaude.fr\/web\/index.php\/wp-json\/wp\/v2\/product_cat?post=6174"},{"taxonomy":"product_tag","embeddable":true,"href":"https:\/\/www.andreclaude.fr\/web\/index.php\/wp-json\/wp\/v2\/product_tag?post=6174"}],"curies":[{"name":"wp","href":"https:\/\/api.w.org\/{rel}","templated":true}]}}