{"id":6172,"date":"2015-12-07T11:37:58","date_gmt":"2015-12-07T10:37:58","guid":{"rendered":"http:\/\/www.andreclaude.fr\/web\/index.php\/produit\/flan-noisette-le-sachet\/"},"modified":"2021-03-19T06:18:40","modified_gmt":"2021-03-19T05:18:40","slug":"flan-noisette-le-sachet","status":"publish","type":"product","link":"https:\/\/www.andreclaude.fr\/web\/index.php\/produit\/flan-noisette-le-sachet\/","title":{"rendered":"Flan pralin\u00e9 noisette le sachet de 45g"},"content":{"rendered":"<p><span class=\"st\"><em>Abbaye de la Coudre<\/em><\/span>.<\/p>\n<p>BP 10537<\/p>\n<p>53005 LAVAL<\/p>\n","protected":false},"excerpt":{"rendered":"<p><span class=\"st\"><em>Abbaye de la Coudre<\/em><\/span>. Les s\u0153urs fabriquent des pr\u00e9parations pour cr\u00e8mes desserts, \u00e0 partir d\u2019ingr\u00e9dients naturels , sans gluten et sans colorants ni conservateurs. Leur go\u00fbt est fin et d\u00e9licat.Sachet 45g.<\/p>\n<p>Ingr\u00e9dients : sucre, amidon de ma\u00efs, g\u00e9lifiant : carragh\u00e9nanes, ar\u00f4mes naturels (<strong>amande, noisette<\/strong>), cacao<\/p>\n<p>Peut contenir de traces de <strong>gluten<\/strong>.<\/p>\n<table style=\"width: 462.967px; height: 376px;\">\n<tbody>\n<tr>\n<td style=\"width: 245px;\">Informations nutritionelles moyennes<\/td>\n<td style=\"width: 100px;\">Pour 100 g<\/p>\n<p>poudre<\/td>\n<td style=\"width: 121px;\">Pour 100g<\/p>\n<p>entremets *<\/td>\n<td style=\"width: 10px;\"><\/td>\n<\/tr>\n<tr>\n<td style=\"width: 245px;\">Valeur \u00e9nerg\u00e9tique (kj)<\/td>\n<td style=\"width: 100px; text-align: center;\">1660<\/td>\n<td style=\"width: 121px; text-align: center;\">183<\/td>\n<td style=\"width: 10px; text-align: center;\"><\/td>\n<\/tr>\n<tr>\n<td style=\"width: 245px;\">Valeur \u00e9nerg\u00e9tique (kcal)<\/td>\n<td style=\"width: 100px; text-align: center;\">391<\/td>\n<td style=\"width: 121px; text-align: center;\">43<\/td>\n<td style=\"width: 10px; text-align: center;\"><\/td>\n<\/tr>\n<tr>\n<td style=\"width: 245px;\">Mati\u00e8res grasses (g)<\/td>\n<td style=\"width: 100px; text-align: center;\">1<\/td>\n<td style=\"width: 121px; text-align: center;\">0.26<\/td>\n<td style=\"width: 10px; text-align: center;\"><\/td>\n<\/tr>\n<tr>\n<td style=\"width: 245px;\">dont acides gras satur\u00e9s (g)<\/td>\n<td style=\"width: 100px; text-align: center;\">0.19<\/td>\n<td style=\"width: 121px; text-align: center;\">0.12<\/td>\n<td style=\"width: 10px; text-align: center;\"><\/td>\n<\/tr>\n<tr>\n<td style=\"width: 245px;\">Glucides (g)<\/td>\n<td style=\"width: 100px; text-align: center;\">93.6<\/td>\n<td style=\"width: 121px; text-align: center;\">9.68<\/td>\n<td style=\"width: 10px; text-align: center;\"><\/td>\n<\/tr>\n<tr>\n<td style=\"width: 245px;\">dont sucres (g)<\/td>\n<td style=\"width: 100px; text-align: center;\">92.4<\/td>\n<td style=\"width: 121px; text-align: center;\">9.04<\/td>\n<td style=\"width: 10px; text-align: center;\"><\/td>\n<\/tr>\n<tr>\n<td style=\"width: 245px;\">Fibres alimentaires (g)<\/td>\n<td style=\"width: 100px; text-align: center;\">2.9<\/td>\n<td style=\"width: 121px; text-align: center;\">0.28<\/td>\n<td style=\"width: 10px; text-align: center;\"><\/td>\n<\/tr>\n<tr>\n<td style=\"width: 245px;\">Prot\u00e9ines (g)<\/td>\n<td style=\"width: 100px; text-align: center;\">0.5<\/td>\n<td style=\"width: 121px; text-align: center;\">0.41<\/td>\n<td style=\"width: 10px; text-align: center;\"><\/td>\n<\/tr>\n<tr>\n<td style=\"width: 245px;\">Sel (g)<\/td>\n<td style=\"width: 100px; text-align: center;\">0.13<\/td>\n<td style=\"width: 121px; text-align: center;\">0.02<\/td>\n<td style=\"width: 10px; text-align: center;\"><\/td>\n<\/tr>\n<\/tbody>\n<\/table>\n<ul>\n<li>pr\u00e9par\u00e9 avec du lait 1\/2 \u00e9cr\u00e9m\u00e9 selon les conseils de pr\u00e9paration<\/li>\n<\/ul>\n","protected":false},"featured_media":7231,"comment_status":"closed","ping_status":"closed","template":"","meta":[],"product_cat":[194,170],"product_tag":[],"jetpack_publicize_connections":[],"_links":{"self":[{"href":"https:\/\/www.andreclaude.fr\/web\/index.php\/wp-json\/wp\/v2\/product\/6172"}],"collection":[{"href":"https:\/\/www.andreclaude.fr\/web\/index.php\/wp-json\/wp\/v2\/product"}],"about":[{"href":"https:\/\/www.andreclaude.fr\/web\/index.php\/wp-json\/wp\/v2\/types\/product"}],"replies":[{"embeddable":true,"href":"https:\/\/www.andreclaude.fr\/web\/index.php\/wp-json\/wp\/v2\/comments?post=6172"}],"wp:featuredmedia":[{"embeddable":true,"href":"https:\/\/www.andreclaude.fr\/web\/index.php\/wp-json\/wp\/v2\/media\/7231"}],"wp:attachment":[{"href":"https:\/\/www.andreclaude.fr\/web\/index.php\/wp-json\/wp\/v2\/media?parent=6172"}],"wp:term":[{"taxonomy":"product_cat","embeddable":true,"href":"https:\/\/www.andreclaude.fr\/web\/index.php\/wp-json\/wp\/v2\/product_cat?post=6172"},{"taxonomy":"product_tag","embeddable":true,"href":"https:\/\/www.andreclaude.fr\/web\/index.php\/wp-json\/wp\/v2\/product_tag?post=6172"}],"curies":[{"name":"wp","href":"https:\/\/api.w.org\/{rel}","templated":true}]}}