{"id":6164,"date":"2015-12-07T11:37:53","date_gmt":"2015-12-07T10:37:53","guid":{"rendered":"http:\/\/www.andreclaude.fr\/web\/index.php\/produit\/tapenade-creme-anchoiade-le-pot\/"},"modified":"2018-10-05T16:28:30","modified_gmt":"2018-10-05T15:28:30","slug":"tapenade-creme-anchoiade-le-pot","status":"publish","type":"product","link":"https:\/\/www.andreclaude.fr\/web\/index.php\/produit\/tapenade-creme-anchoiade-le-pot\/","title":{"rendered":"Tapenade &#8211; Cr\u00e8me ancho\u00efade verrine 90g"},"content":{"rendered":"<p>Distribu\u00e9 par<\/p>\n<p>DISTRAZUR<\/p>\n<p><span class=\"LrzXr\">ZI des plaines,<\/span><\/p>\n<p><span class=\"LrzXr\"> 80 chemins des buis,<\/span><\/p>\n<p><span class=\"LrzXr\"> 26780 Malataverne<\/span><\/p>\n","protected":false},"excerpt":{"rendered":"<p>Produit incontournable de la gastronomie locale ! D\u00e9licieux sur toasts.<\/p>\n<p>Ingr\u00e9dients : p\u00e2te d&rsquo;<strong>anchois<\/strong> 42% (<strong>anchois<\/strong> sal\u00e9s 82%, huile de tournesol, vinaigre de vin, sel, \u00e9pices : <strong>curry<\/strong>, poivre, muscade, girofle, cannelle), huile de tournesol, huile d&rsquo;olive, c\u00e2pres, ail, vinaigre de vin, jus de citron concentr\u00e9, poivre.<\/p>\n<p>Sans conservateur, sans OGM<\/p>\n<p>Valeurs nutritionnelles moyennes pour 100 g<\/p>\n<p>Energie : 1797kj\/436kcal<\/p>\n<p>Mati\u00e8res grasses : 45 g dont acides gras satur\u00e9s : 5.9g<\/p>\n<p>Glucides : 2g dont sucres &lt;0.5g<\/p>\n<p>Prot\u00e9ines : 5.2g<\/p>\n<p>Sel : 4.5g<\/p>\n","protected":false},"featured_media":7522,"comment_status":"closed","ping_status":"closed","template":"","meta":[],"product_cat":[194,183],"product_tag":[],"jetpack_publicize_connections":[],"_links":{"self":[{"href":"https:\/\/www.andreclaude.fr\/web\/index.php\/wp-json\/wp\/v2\/product\/6164"}],"collection":[{"href":"https:\/\/www.andreclaude.fr\/web\/index.php\/wp-json\/wp\/v2\/product"}],"about":[{"href":"https:\/\/www.andreclaude.fr\/web\/index.php\/wp-json\/wp\/v2\/types\/product"}],"replies":[{"embeddable":true,"href":"https:\/\/www.andreclaude.fr\/web\/index.php\/wp-json\/wp\/v2\/comments?post=6164"}],"wp:featuredmedia":[{"embeddable":true,"href":"https:\/\/www.andreclaude.fr\/web\/index.php\/wp-json\/wp\/v2\/media\/7522"}],"wp:attachment":[{"href":"https:\/\/www.andreclaude.fr\/web\/index.php\/wp-json\/wp\/v2\/media?parent=6164"}],"wp:term":[{"taxonomy":"product_cat","embeddable":true,"href":"https:\/\/www.andreclaude.fr\/web\/index.php\/wp-json\/wp\/v2\/product_cat?post=6164"},{"taxonomy":"product_tag","embeddable":true,"href":"https:\/\/www.andreclaude.fr\/web\/index.php\/wp-json\/wp\/v2\/product_tag?post=6164"}],"curies":[{"name":"wp","href":"https:\/\/api.w.org\/{rel}","templated":true}]}}