{"id":6157,"date":"2015-12-07T11:37:53","date_gmt":"2015-12-07T10:37:53","guid":{"rendered":"http:\/\/www.andreclaude.fr\/web\/index.php\/produit\/tapenade-sardinade-le-pot\/"},"modified":"2018-10-05T16:26:52","modified_gmt":"2018-10-05T15:26:52","slug":"tapenade-sardinade-le-pot","status":"publish","type":"product","link":"https:\/\/www.andreclaude.fr\/web\/index.php\/produit\/tapenade-sardinade-le-pot\/","title":{"rendered":"Tapenade &#8211; Sardinade verrine 90g"},"content":{"rendered":"<p>Distribu\u00e9 par<\/p>\n<p>DISTRAZUR<\/p>\n<p><span class=\"LrzXr\">ZI des plaines,<\/span><\/p>\n<p><span class=\"LrzXr\"> 80 chemins des buis,<\/span><\/p>\n<p><span class=\"LrzXr\"> 26780 Malataverne<\/span><\/p>\n","protected":false},"excerpt":{"rendered":"<p>Souvenir d&rsquo;enfance, la Sardinade et ses saveurs&#8230;Sur une bonne tartine de pain , le tout saupoudr\u00e9 de piment d&rsquo;Espelette. Pr\u00eate \u00e0 \u00eatre d\u00e9gust\u00e9e !<\/p>\n<p>Ingr\u00e9dients : <strong>sardines<\/strong> 31%, olives vertes,poivrons rouges, huile de tournesol, tomates s\u00e9ch\u00e9es 9%, c\u00e2pres, tomates pel\u00e9es, persil, ail, huile d&rsquo;olive, jus de citron, concentr\u00e9, sel amidon transform\u00e9, \u00e9paississants : farine de guar et xanthane, poivre, piment d&rsquo;Espelette AOC 0.1%.<\/p>\n<p>Sans conservateur, sans OGM<\/p>\n<p>Valeurs nutritionnelles moyennes pour 100 g<\/p>\n<p>Energie : 1229kj\/279kcal<\/p>\n<p>Mati\u00e8res grasses : 26 g dont acides gras satur\u00e9s : 3.2g<\/p>\n<p>Glucides : 6.8g dont sucres 3.3g<\/p>\n<p>Prot\u00e9ines : 7.3g<\/p>\n<p>Sel : 2.7g<\/p>\n<p>&nbsp;<\/p>\n","protected":false},"featured_media":7526,"comment_status":"closed","ping_status":"closed","template":"","meta":[],"product_cat":[194,183],"product_tag":[],"jetpack_publicize_connections":[],"_links":{"self":[{"href":"https:\/\/www.andreclaude.fr\/web\/index.php\/wp-json\/wp\/v2\/product\/6157"}],"collection":[{"href":"https:\/\/www.andreclaude.fr\/web\/index.php\/wp-json\/wp\/v2\/product"}],"about":[{"href":"https:\/\/www.andreclaude.fr\/web\/index.php\/wp-json\/wp\/v2\/types\/product"}],"replies":[{"embeddable":true,"href":"https:\/\/www.andreclaude.fr\/web\/index.php\/wp-json\/wp\/v2\/comments?post=6157"}],"wp:featuredmedia":[{"embeddable":true,"href":"https:\/\/www.andreclaude.fr\/web\/index.php\/wp-json\/wp\/v2\/media\/7526"}],"wp:attachment":[{"href":"https:\/\/www.andreclaude.fr\/web\/index.php\/wp-json\/wp\/v2\/media?parent=6157"}],"wp:term":[{"taxonomy":"product_cat","embeddable":true,"href":"https:\/\/www.andreclaude.fr\/web\/index.php\/wp-json\/wp\/v2\/product_cat?post=6157"},{"taxonomy":"product_tag","embeddable":true,"href":"https:\/\/www.andreclaude.fr\/web\/index.php\/wp-json\/wp\/v2\/product_tag?post=6157"}],"curies":[{"name":"wp","href":"https:\/\/api.w.org\/{rel}","templated":true}]}}