{"id":6135,"date":"2015-12-07T11:37:43","date_gmt":"2015-12-07T10:37:43","guid":{"rendered":"http:\/\/www.andreclaude.fr\/web\/index.php\/produit\/jus-dorange-la-brick-de-1-litre\/"},"modified":"2022-01-27T17:46:28","modified_gmt":"2022-01-27T16:46:28","slug":"jus-dorange-la-brick-de-1-litre","status":"publish","type":"product","link":"https:\/\/www.andreclaude.fr\/web\/index.php\/produit\/jus-dorange-la-brick-de-1-litre\/","title":{"rendered":"Jus d&rsquo;orange pressade bouteille 1 litre"},"content":{"rendered":"<p>BIOFRUIT SAS<\/p>\n<p>La Jaunaie<\/p>\n<p>44690 Ch\u00e2teau Thebaud<\/p>\n","protected":false},"excerpt":{"rendered":"<p><span class=\"PBLongTxt\">Pressade\u00a0 poss\u00e8de un go\u00fbt de fruit incomparable. Une dose quotidienne de soleil pour toute la famille. Bouteille 1 litre.<\/span><\/p>\n<p>C&rsquo;est un jus 100% fruits<\/p>\n<p>Sans sucres ajout\u00e9s ( contient les sucres naturels des fruits , comme tous les jus de fruits)<\/p>\n<p>Sans conservateurs ( conform\u00e9ment \u00e0 la r\u00e9glementation en vigueur)<\/p>\n<p>Valeurs nutritionnelles pour 100 ML<\/p>\n<p>Energie 187 kj \/ 44 kcal<\/p>\n<p>Glucides : 10.2g dont sucres : 9 g<\/p>\n<p>Prot\u00e9ines : 0.6g<\/p>\n<p>Sel\u00a0 : traces<\/p>\n<p>Vitamine C 20mg\/100ml<\/p>\n<p>Quantit\u00e9s n\u00e9gligeables de mati\u00e8res grasses et acides gras satur\u00e9s.<\/p>\n<p>&nbsp;<\/p>\n<p>&nbsp;<\/p>\n","protected":false},"featured_media":0,"comment_status":"closed","ping_status":"closed","template":"","meta":[],"product_cat":[212,194],"product_tag":[],"jetpack_publicize_connections":[],"_links":{"self":[{"href":"https:\/\/www.andreclaude.fr\/web\/index.php\/wp-json\/wp\/v2\/product\/6135"}],"collection":[{"href":"https:\/\/www.andreclaude.fr\/web\/index.php\/wp-json\/wp\/v2\/product"}],"about":[{"href":"https:\/\/www.andreclaude.fr\/web\/index.php\/wp-json\/wp\/v2\/types\/product"}],"replies":[{"embeddable":true,"href":"https:\/\/www.andreclaude.fr\/web\/index.php\/wp-json\/wp\/v2\/comments?post=6135"}],"wp:attachment":[{"href":"https:\/\/www.andreclaude.fr\/web\/index.php\/wp-json\/wp\/v2\/media?parent=6135"}],"wp:term":[{"taxonomy":"product_cat","embeddable":true,"href":"https:\/\/www.andreclaude.fr\/web\/index.php\/wp-json\/wp\/v2\/product_cat?post=6135"},{"taxonomy":"product_tag","embeddable":true,"href":"https:\/\/www.andreclaude.fr\/web\/index.php\/wp-json\/wp\/v2\/product_tag?post=6135"}],"curies":[{"name":"wp","href":"https:\/\/api.w.org\/{rel}","templated":true}]}}