{"id":6123,"date":"2015-12-07T11:37:43","date_gmt":"2015-12-07T10:37:43","guid":{"rendered":"http:\/\/www.andreclaude.fr\/web\/index.php\/produit\/bocaux-haricots-verts\/"},"modified":"2018-09-05T09:21:35","modified_gmt":"2018-09-05T08:21:35","slug":"bocaux-haricots-verts","status":"publish","type":"product","link":"https:\/\/www.andreclaude.fr\/web\/index.php\/produit\/bocaux-haricots-verts\/","title":{"rendered":"Bocaux haricots verts le bocal de 660g"},"content":{"rendered":"","protected":false},"excerpt":{"rendered":"<p>Contenance : 72 cl<br \/>\nPoids net : 660 g<br \/>\nPoids net \u00e9goutt\u00e9 : 345 g<\/p>\n<p>CARACTERISTIQUES PRODUIT<br \/>\nIngr\u00e9dients : Haricots verts, eau, sel.<\/p>\n<p>Allerg\u00e8nes :<br \/>\nTraces d&rsquo;allerg\u00e8nes possibles :<br \/>\nAllerg\u00e8nes pr\u00e9sents dans l&rsquo;atelier :<\/p>\n<p>Valeurs nutritionnelles pour 100 g de produit \u00e9goutt\u00e9<\/p>\n<p>Energie 106 kJ \/ 25 kcal<br \/>\nMati\u00e8res grasses 0,2 g<br \/>\ndont acides gras satur\u00e9s 0,1 g<br \/>\nGlucides 2,8 g<br \/>\nDont Sucres 0,5 g<br \/>\nFibres alimentaires 3 g<br \/>\nProt\u00e9ines 1,6 g<br \/>\nSel 0,64 g<\/p>\n<p>Mode d&#8217;emploi :<br \/>\nRecommandations :<br \/>\nContre indications :<br \/>\nStockage avant emploi : A conserver \u00e0 temp\u00e9rature<br \/>\nambiante, de pr\u00e9f\u00e9rence dans un endroit frais et sec et \u00e0<br \/>\nl&rsquo;abri de la lumi\u00e8re.<br \/>\nStockage apr\u00e8s ouverture : A conserver au<br \/>\nr\u00e9fr\u00e9girateur \u00e0 4\u00b0C maximum dans un r\u00e9cipient<br \/>\nalimentaire propre et ferm\u00e9, et \u00e0 consommer sous 48h.<\/p>\n<p>DLUO \u00e0 fabrication : 1440 jour(s)<br \/>\nDLUO garantie : 360 jour(s)<\/p>\n<p>Origine : FRANCE<br \/>\nLieu de fabrication : 59173 RENESCURE<\/p>\n","protected":false},"featured_media":7843,"comment_status":"closed","ping_status":"closed","template":"","meta":[],"product_cat":[194,178],"product_tag":[],"jetpack_publicize_connections":[],"_links":{"self":[{"href":"https:\/\/www.andreclaude.fr\/web\/index.php\/wp-json\/wp\/v2\/product\/6123"}],"collection":[{"href":"https:\/\/www.andreclaude.fr\/web\/index.php\/wp-json\/wp\/v2\/product"}],"about":[{"href":"https:\/\/www.andreclaude.fr\/web\/index.php\/wp-json\/wp\/v2\/types\/product"}],"replies":[{"embeddable":true,"href":"https:\/\/www.andreclaude.fr\/web\/index.php\/wp-json\/wp\/v2\/comments?post=6123"}],"wp:featuredmedia":[{"embeddable":true,"href":"https:\/\/www.andreclaude.fr\/web\/index.php\/wp-json\/wp\/v2\/media\/7843"}],"wp:attachment":[{"href":"https:\/\/www.andreclaude.fr\/web\/index.php\/wp-json\/wp\/v2\/media?parent=6123"}],"wp:term":[{"taxonomy":"product_cat","embeddable":true,"href":"https:\/\/www.andreclaude.fr\/web\/index.php\/wp-json\/wp\/v2\/product_cat?post=6123"},{"taxonomy":"product_tag","embeddable":true,"href":"https:\/\/www.andreclaude.fr\/web\/index.php\/wp-json\/wp\/v2\/product_tag?post=6123"}],"curies":[{"name":"wp","href":"https:\/\/api.w.org\/{rel}","templated":true}]}}