{"id":6119,"date":"2015-12-07T11:37:43","date_gmt":"2015-12-07T10:37:43","guid":{"rendered":"http:\/\/www.andreclaude.fr\/web\/index.php\/produit\/orezza-eau-petillante-corse-la-bouteille\/"},"modified":"2024-05-07T07:44:50","modified_gmt":"2024-05-07T06:44:50","slug":"orezza-eau-petillante-corse-la-bouteille","status":"publish","type":"product","link":"https:\/\/www.andreclaude.fr\/web\/index.php\/produit\/orezza-eau-petillante-corse-la-bouteille\/","title":{"rendered":"Orezza eau p\u00e9tillante Corse bouteille 1 litre"},"content":{"rendered":"<p>SNE des Eaux Min\u00e9rales d&rsquo;Orezza<\/p>\n<p>Acqua Acitosa<\/p>\n<p>20229 Rapaggio<\/p>\n","protected":false},"excerpt":{"rendered":"<p>L&rsquo;eau min\u00e9rale naturelle d&rsquo;Orezza est capt\u00e9e en Castagniccia au coeur du Parc Naturel R\u00e9gional de Corse, dans un environnement pr\u00e9serv\u00e9. Sa puret\u00e9 originale lui donne une saveur une l\u00e9g\u00e8ret\u00e9 exceptionnelles. Naturellement gazeuse, l&rsquo;eau min\u00e9rale d&rsquo;Orezza est d\u00e9ferris\u00e9e et rega\u00e9ifi\u00e9e avec son propre gaz. Par sa teneur en calcium et en bicarbonates, elle stimule la digestion.<\/p>\n<p>Calcium : 185 mg\/l\u00a0\u00a0\u00a0\u00a0\u00a0\u00a0\u00a0\u00a0\u00a0\u00a0\u00a0\u00a0\u00a0\u00a0\u00a0\u00a0\u00a0\u00a0\u00a0\u00a0\u00a0\u00a0\u00a0\u00a0\u00a0\u00a0\u00a0\u00a0\u00a0\u00a0\u00a0\u00a0\u00a0\u00a0\u00a0\u00a0\u00a0\u00a0\u00a0\u00a0\u00a0\u00a0\u00a0\u00a0\u00a0\u00a0\u00a0\u00a0\u00a0\u00a0\u00a0\u00a0\u00a0 Bicarbonates : 710 mg\/l<\/p>\n<p>Magn\u00e9sium : 16.5 mg\/l\u00a0\u00a0\u00a0\u00a0\u00a0\u00a0\u00a0\u00a0\u00a0\u00a0\u00a0\u00a0\u00a0\u00a0\u00a0\u00a0\u00a0\u00a0\u00a0\u00a0\u00a0\u00a0\u00a0\u00a0\u00a0\u00a0\u00a0\u00a0\u00a0\u00a0\u00a0\u00a0\u00a0\u00a0\u00a0\u00a0\u00a0\u00a0\u00a0\u00a0\u00a0\u00a0\u00a0\u00a0 \u00a0 Chlorures : 10 mg\/l<\/p>\n<p>Sodium : 6.9 mg\/l\u00a0\u00a0\u00a0\u00a0\u00a0\u00a0\u00a0\u00a0\u00a0\u00a0\u00a0\u00a0\u00a0\u00a0\u00a0\u00a0\u00a0\u00a0\u00a0\u00a0\u00a0\u00a0\u00a0\u00a0\u00a0\u00a0\u00a0\u00a0\u00a0\u00a0\u00a0\u00a0\u00a0\u00a0\u00a0\u00a0\u00a0\u00a0\u00a0\u00a0\u00a0\u00a0\u00a0\u00a0\u00a0\u00a0\u00a0\u00a0\u00a0\u00a0\u00a0\u00a0\u00a0\u00a0\u00a0 Sulfates : 14 mg\/l<\/p>\n<p>Potassium : 1.55 mg\/l\u00a0\u00a0\u00a0\u00a0\u00a0\u00a0\u00a0\u00a0\u00a0\u00a0\u00a0\u00a0\u00a0\u00a0\u00a0\u00a0\u00a0\u00a0\u00a0\u00a0\u00a0\u00a0\u00a0\u00a0\u00a0\u00a0\u00a0\u00a0\u00a0\u00a0\u00a0\u00a0\u00a0\u00a0\u00a0\u00a0\u00a0\u00a0\u00a0\u00a0\u00a0\u00a0\u00a0\u00a0\u00a0\u00a0\u00a0\u00a0\u00a0 Fluorures : 0.17 mg\/l<\/p>\n<p>R\u00e9sidus secs \u00e0 180\u00b0C : 516 mg\/l\u00a0\u00a0\u00a0\u00a0\u00a0\u00a0\u00a0\u00a0\u00a0\u00a0\u00a0\u00a0\u00a0\u00a0\u00a0\u00a0\u00a0\u00a0\u00a0\u00a0\u00a0\u00a0\u00a0\u00a0\u00a0\u00a0\u00a0\u00a0\u00a0\u00a0\u00a0 Nitrates : 0 mg\/l<\/p>\n","protected":false},"featured_media":7964,"comment_status":"closed","ping_status":"closed","template":"","meta":[],"product_cat":[212,194],"product_tag":[],"jetpack_publicize_connections":[],"_links":{"self":[{"href":"https:\/\/www.andreclaude.fr\/web\/index.php\/wp-json\/wp\/v2\/product\/6119"}],"collection":[{"href":"https:\/\/www.andreclaude.fr\/web\/index.php\/wp-json\/wp\/v2\/product"}],"about":[{"href":"https:\/\/www.andreclaude.fr\/web\/index.php\/wp-json\/wp\/v2\/types\/product"}],"replies":[{"embeddable":true,"href":"https:\/\/www.andreclaude.fr\/web\/index.php\/wp-json\/wp\/v2\/comments?post=6119"}],"wp:featuredmedia":[{"embeddable":true,"href":"https:\/\/www.andreclaude.fr\/web\/index.php\/wp-json\/wp\/v2\/media\/7964"}],"wp:attachment":[{"href":"https:\/\/www.andreclaude.fr\/web\/index.php\/wp-json\/wp\/v2\/media?parent=6119"}],"wp:term":[{"taxonomy":"product_cat","embeddable":true,"href":"https:\/\/www.andreclaude.fr\/web\/index.php\/wp-json\/wp\/v2\/product_cat?post=6119"},{"taxonomy":"product_tag","embeddable":true,"href":"https:\/\/www.andreclaude.fr\/web\/index.php\/wp-json\/wp\/v2\/product_tag?post=6119"}],"curies":[{"name":"wp","href":"https:\/\/api.w.org\/{rel}","templated":true}]}}